{"id":3,"date":"2023-02-09T17:45:14","date_gmt":"2023-02-09T17:45:14","guid":{"rendered":"http:\/\/www.barcogroup.eu\/?page_id=3"},"modified":"2025-05-27T12:50:38","modified_gmt":"2025-05-27T12:50:38","slug":"datenschutzerklaerung","status":"publish","type":"page","link":"https:\/\/www.barcogroup.eu\/en\/datenschutzerklaerung\/","title":{"rendered":"Privacy policy"},"content":{"rendered":"<div data-elementor-type=\"wp-page\" data-elementor-id=\"3\" class=\"elementor elementor-3\">\n\t\t\t\t\t\t<section class=\"elementor-section elementor-top-section elementor-element elementor-element-1351fc05 elementor-section-boxed elementor-section-height-default elementor-section-height-default\" data-id=\"1351fc05\" data-element_type=\"section\">\n\t\t\t\t\t\t<div class=\"elementor-container elementor-column-gap-default\">\n\t\t\t\t\t<div class=\"elementor-column elementor-col-100 elementor-top-column elementor-element elementor-element-31138e4\" data-id=\"31138e4\" data-element_type=\"column\">\n\t\t\t<div class=\"elementor-widget-wrap elementor-element-populated\">\n\t\t\t\t\t\t<div class=\"elementor-element elementor-element-78143200 elementor-widget elementor-widget-text-editor\" data-id=\"78143200\" data-element_type=\"widget\" data-widget_type=\"text-editor.default\">\n\t\t\t\t<div class=\"elementor-widget-container\">\n\t\t\t\t\t\t\t<h3 data-start=\"239\" data-end=\"269\">1. <strong data-start=\"246\" data-end=\"269\">General information<\/strong><\/h3>\n<p data-start=\"270\" data-end=\"486\">The protection of your personal data is of particular concern to us. We treat your personal data confidentially and in accordance with the statutory data protection regulations and this privacy policy.<\/p>\n<p data-start=\"488\" data-end=\"730\">The use of our website is generally possible without providing personal data. Insofar as personal data (e.g. name, address or e-mail addresses) is collected on our website, this is always done on a voluntary basis.<\/p>\n<h3 data-start=\"732\" data-end=\"765\">2. <strong data-start=\"739\" data-end=\"765\">Responsible body<\/strong><\/h3>\n<p data-start=\"766\" data-end=\"843\"><strong data-start=\"766\" data-end=\"798\">Barco Group - Biomass trading<\/strong><br data-start=\"798\" data-end=\"801\" \/>barcogroup.eu<br data-start=\"814\" data-end=\"817\" \/>e-mail: <a class=\"cursor-pointer\" rel=\"noopener\" data-start=\"825\" data-end=\"843\">info@barcogroup.eu<\/a><\/p>\n<p data-start=\"845\" data-end=\"1034\">The controller is the natural or legal person who alone or jointly with others determines the purposes and means of the processing of personal data.<\/p>\n<h3 data-start=\"1036\" data-end=\"1096\">3. <strong data-start=\"1043\" data-end=\"1096\">Collection and processing of personal data<\/strong><\/h3>\n<p data-start=\"1097\" data-end=\"1409\">We process your data exclusively on the basis of the statutory provisions (GDPR, TMG). If you contact us using the form on the website or by e-mail, the data you provide will be stored by us for six months for the purpose of processing the enquiry and in the event of follow-up questions.<\/p>\n<h3 data-start=\"1411\" data-end=\"1429\">4. <strong data-start=\"1418\" data-end=\"1429\">Cookies<\/strong><\/h3>\n<p data-start=\"1430\" data-end=\"1683\">Our website uses so-called cookies. These are small text files that are stored on your end device with the help of the browser. They do not cause any damage. We use cookies to make our website more user-friendly.<\/p>\n<p data-start=\"1685\" data-end=\"1819\">You can set up your browser so that you are informed about the setting of cookies and only allow cookies in individual cases.<\/p>\n<h3 data-start=\"1821\" data-end=\"1848\">5. <strong data-start=\"1828\" data-end=\"1848\">Server log files<\/strong><\/h3>\n<p data-start=\"1849\" data-end=\"2011\">The provider of the pages automatically collects and stores information in so-called server log files, which your browser automatically transmits to us. These are<\/p>\n<ul data-start=\"2012\" data-end=\"2152\">\n<li data-start=\"2012\" data-end=\"2043\">\n<p data-start=\"2014\" data-end=\"2043\">Browser type and browser version<\/p>\n<\/li>\n<li data-start=\"2044\" data-end=\"2072\">\n<p data-start=\"2046\" data-end=\"2072\">Operating system used<\/p>\n<\/li>\n<li data-start=\"2073\" data-end=\"2087\">\n<p data-start=\"2075\" data-end=\"2087\">Referrer URL<\/p>\n<\/li>\n<li data-start=\"2088\" data-end=\"2124\">\n<p data-start=\"2090\" data-end=\"2124\">Host name of the accessing computer<\/p>\n<\/li>\n<li data-start=\"2125\" data-end=\"2152\">\n<p data-start=\"2127\" data-end=\"2152\">Time of the server request<\/p>\n<\/li>\n<\/ul>\n<p data-start=\"2154\" data-end=\"2208\">This data cannot be assigned to specific persons.<\/p>\n<h3 data-start=\"2210\" data-end=\"2232\">6. <strong data-start=\"2217\" data-end=\"2232\">Your rights<\/strong><\/h3>\n<p data-start=\"2233\" data-end=\"2476\">You have the right to information about your stored personal data, its origin and recipient as well as the purpose of the data processing at any time. You also have the right to have this data corrected, blocked or deleted.<\/p>\n<p data-start=\"2478\" data-end=\"2533\">Please contact: <strong data-start=\"2511\" data-end=\"2533\"><a class=\"cursor-pointer\" rel=\"noopener\" data-start=\"2513\" data-end=\"2531\">info@barcogroup.eu<\/a><\/strong><\/p>\n<h3 data-start=\"2535\" data-end=\"2561\">7. <strong data-start=\"2542\" data-end=\"2561\">Contact form<\/strong><\/h3>\n<p data-start=\"2562\" data-end=\"2763\">If you send us enquiries via the contact form, your details from the form, including the contact details you provide there, will be stored by us in order to process your enquiry.<\/p>\n<p>\u00a0<\/p>\n<p><!-- wp:heading --><!-- \/wp:paragraph --><\/p>\t\t\t\t\t\t<\/div>\n\t\t\t\t<\/div>\n\t\t\t\t\t<\/div>\n\t\t<\/div>\n\t\t\t\t\t<\/div>\n\t\t<\/section>\n\t\t\t\t<\/div>","protected":false},"excerpt":{"rendered":"<p>1. Allgemeine Hinweise Der Schutz Ihrer pers\u00f6nlichen Daten ist uns ein besonderes Anliegen. Wir behandeln Ihre personenbezogenen Daten vertraulich und entsprechend der gesetzlichen Datenschutzvorschriften sowie dieser Datenschutzerkl\u00e4rung. Die Nutzung unserer<\/p>","protected":false},"author":1,"featured_media":0,"parent":0,"menu_order":0,"comment_status":"closed","ping_status":"open","template":"","meta":{"footnotes":""},"class_list":["post-3","page","type-page","status-publish","hentry"],"yoast_head":"<!-- This site is optimized with the Yoast SEO Premium plugin v19.6 (Yoast SEO v25.1) - https:\/\/yoast.com\/wordpress\/plugins\/seo\/ -->\n<title>Datenschutzerkl\u00e4rung - Barco Group \u2013 Biomassehandel<\/title>\n<meta name=\"description\" content=\"Polityka prywatno\u015bciIhre Daten sind bei uns sicher. Erfahren Sie mehr \u00fcber unsere Datenschutzrichtlinien gem\u00e4\u00df DSGVO.\" \/>\n<meta name=\"robots\" content=\"noindex, follow, max-snippet:-1, max-image-preview:large, max-video-preview:-1\" \/>\n<meta property=\"og:locale\" content=\"en_GB\" \/>\n<meta property=\"og:type\" content=\"article\" \/>\n<meta property=\"og:title\" content=\"Datenschutzerkl\u00e4rung\" \/>\n<meta property=\"og:description\" content=\"Polityka prywatno\u015bciIhre Daten sind bei uns sicher. Erfahren Sie mehr \u00fcber unsere Datenschutzrichtlinien gem\u00e4\u00df DSGVO.\" \/>\n<meta property=\"og:url\" content=\"https:\/\/www.barcogroup.eu\/en\/datenschutzerklaerung\/\" \/>\n<meta property=\"og:site_name\" content=\"Barco Group \u2013 Biomassehandel\" \/>\n<meta property=\"article:modified_time\" content=\"2025-05-27T12:50:38+00:00\" \/>\n<meta name=\"twitter:card\" content=\"summary_large_image\" \/>\n<meta name=\"twitter:label1\" content=\"Estimated reading time\" \/>\n\t<meta name=\"twitter:data1\" content=\"2 minutes\" \/>\n<script type=\"application\/ld+json\" class=\"yoast-schema-graph\">{\"@context\":\"https:\/\/schema.org\",\"@graph\":[{\"@type\":\"WebPage\",\"@id\":\"https:\/\/www.barcogroup.eu\/datenschutzerklaerung\/\",\"url\":\"https:\/\/www.barcogroup.eu\/datenschutzerklaerung\/\",\"name\":\"Datenschutzerkl\u00e4rung - Barco Group \u2013 Biomassehandel\",\"isPartOf\":{\"@id\":\"https:\/\/www.barcogroup.eu\/#website\"},\"datePublished\":\"2023-02-09T17:45:14+00:00\",\"dateModified\":\"2025-05-27T12:50:38+00:00\",\"description\":\"Polityka prywatno\u015bciIhre Daten sind bei uns sicher. Erfahren Sie mehr \u00fcber unsere Datenschutzrichtlinien gem\u00e4\u00df DSGVO.\",\"breadcrumb\":{\"@id\":\"https:\/\/www.barcogroup.eu\/datenschutzerklaerung\/#breadcrumb\"},\"inLanguage\":\"en-GB\",\"potentialAction\":[{\"@type\":\"ReadAction\",\"target\":[\"https:\/\/www.barcogroup.eu\/datenschutzerklaerung\/\"]}]},{\"@type\":\"BreadcrumbList\",\"@id\":\"https:\/\/www.barcogroup.eu\/datenschutzerklaerung\/#breadcrumb\",\"itemListElement\":[{\"@type\":\"ListItem\",\"position\":1,\"name\":\"Home\",\"item\":\"https:\/\/www.barcogroup.eu\/\"},{\"@type\":\"ListItem\",\"position\":2,\"name\":\"Datenschutzerkl\u00e4rung\"}]},{\"@type\":\"WebSite\",\"@id\":\"https:\/\/www.barcogroup.eu\/#website\",\"url\":\"https:\/\/www.barcogroup.eu\/\",\"name\":\"Barco Group \u2013 Biomassehandel\",\"description\":\"Holzpellets &amp; Briketts direkt vom Hersteller \u2013 nachhaltig, zertifiziert, zuverl\u00e4ssigcenta\u2705Brykiet torfowy\",\"publisher\":{\"@id\":\"https:\/\/www.barcogroup.eu\/#organization\"},\"potentialAction\":[{\"@type\":\"SearchAction\",\"target\":{\"@type\":\"EntryPoint\",\"urlTemplate\":\"https:\/\/www.barcogroup.eu\/?s={search_term_string}\"},\"query-input\":{\"@type\":\"PropertyValueSpecification\",\"valueRequired\":true,\"valueName\":\"search_term_string\"}}],\"inLanguage\":\"en-GB\"},{\"@type\":\"Organization\",\"@id\":\"https:\/\/www.barcogroup.eu\/#organization\",\"name\":\"Barco Group \u2013 Biomassehandel\",\"url\":\"https:\/\/www.barcogroup.eu\/\",\"logo\":{\"@type\":\"ImageObject\",\"inLanguage\":\"en-GB\",\"@id\":\"https:\/\/www.barcogroup.eu\/#\/schema\/logo\/image\/\",\"url\":\"https:\/\/www.barcogroup.eu\/wp-content\/uploads\/2023\/02\/cropped-logobarco-znakgold.jpg\",\"contentUrl\":\"https:\/\/www.barcogroup.eu\/wp-content\/uploads\/2023\/02\/cropped-logobarco-znakgold.jpg\",\"width\":977,\"height\":1030,\"caption\":\"Barco Group \u2013 Biomassehandel\"},\"image\":{\"@id\":\"https:\/\/www.barcogroup.eu\/#\/schema\/logo\/image\/\"}}]}<\/script>\n<!-- \/ Yoast SEO Premium plugin. -->","yoast_head_json":{"title":"Datenschutzerkl\u00e4rung - Barco Group \u2013 Biomassehandel","description":"Polityka prywatno\u015bciIhre Daten sind bei uns sicher. Erfahren Sie mehr \u00fcber unsere Datenschutzrichtlinien gem\u00e4\u00df DSGVO.","robots":{"index":"noindex","follow":"follow","max-snippet":"max-snippet:-1","max-image-preview":"max-image-preview:large","max-video-preview":"max-video-preview:-1"},"og_locale":"en_GB","og_type":"article","og_title":"Datenschutzerkl\u00e4rung","og_description":"Polityka prywatno\u015bciIhre Daten sind bei uns sicher. Erfahren Sie mehr \u00fcber unsere Datenschutzrichtlinien gem\u00e4\u00df DSGVO.","og_url":"https:\/\/www.barcogroup.eu\/en\/datenschutzerklaerung\/","og_site_name":"Barco Group \u2013 Biomassehandel","article_modified_time":"2025-05-27T12:50:38+00:00","twitter_card":"summary_large_image","twitter_misc":{"Estimated reading time":"2 minutes"},"schema":{"@context":"https:\/\/schema.org","@graph":[{"@type":"WebPage","@id":"https:\/\/www.barcogroup.eu\/datenschutzerklaerung\/","url":"https:\/\/www.barcogroup.eu\/datenschutzerklaerung\/","name":"Datenschutzerkl\u00e4rung - Barco Group \u2013 Biomassehandel","isPartOf":{"@id":"https:\/\/www.barcogroup.eu\/#website"},"datePublished":"2023-02-09T17:45:14+00:00","dateModified":"2025-05-27T12:50:38+00:00","description":"Polityka prywatno\u015bciIhre Daten sind bei uns sicher. Erfahren Sie mehr \u00fcber unsere Datenschutzrichtlinien gem\u00e4\u00df DSGVO.","breadcrumb":{"@id":"https:\/\/www.barcogroup.eu\/datenschutzerklaerung\/#breadcrumb"},"inLanguage":"en-GB","potentialAction":[{"@type":"ReadAction","target":["https:\/\/www.barcogroup.eu\/datenschutzerklaerung\/"]}]},{"@type":"BreadcrumbList","@id":"https:\/\/www.barcogroup.eu\/datenschutzerklaerung\/#breadcrumb","itemListElement":[{"@type":"ListItem","position":1,"name":"Home","item":"https:\/\/www.barcogroup.eu\/"},{"@type":"ListItem","position":2,"name":"Datenschutzerkl\u00e4rung"}]},{"@type":"WebSite","@id":"https:\/\/www.barcogroup.eu\/#website","url":"https:\/\/www.barcogroup.eu\/","name":"Barco Group \u2013 Biomassehandel","description":"Holzpellets &amp; Briketts direkt vom Hersteller \u2013 nachhaltig, zertifiziert, zuverl\u00e4ssigcenta\u2705Brykiet torfowy","publisher":{"@id":"https:\/\/www.barcogroup.eu\/#organization"},"potentialAction":[{"@type":"SearchAction","target":{"@type":"EntryPoint","urlTemplate":"https:\/\/www.barcogroup.eu\/?s={search_term_string}"},"query-input":{"@type":"PropertyValueSpecification","valueRequired":true,"valueName":"search_term_string"}}],"inLanguage":"en-GB"},{"@type":"Organization","@id":"https:\/\/www.barcogroup.eu\/#organization","name":"Barco Group \u2013 Biomassehandel","url":"https:\/\/www.barcogroup.eu\/","logo":{"@type":"ImageObject","inLanguage":"en-GB","@id":"https:\/\/www.barcogroup.eu\/#\/schema\/logo\/image\/","url":"https:\/\/www.barcogroup.eu\/wp-content\/uploads\/2023\/02\/cropped-logobarco-znakgold.jpg","contentUrl":"https:\/\/www.barcogroup.eu\/wp-content\/uploads\/2023\/02\/cropped-logobarco-znakgold.jpg","width":977,"height":1030,"caption":"Barco Group \u2013 Biomassehandel"},"image":{"@id":"https:\/\/www.barcogroup.eu\/#\/schema\/logo\/image\/"}}]}},"_links":{"self":[{"href":"https:\/\/www.barcogroup.eu\/en\/wp-json\/wp\/v2\/pages\/3","targetHints":{"allow":["GET"]}}],"collection":[{"href":"https:\/\/www.barcogroup.eu\/en\/wp-json\/wp\/v2\/pages"}],"about":[{"href":"https:\/\/www.barcogroup.eu\/en\/wp-json\/wp\/v2\/types\/page"}],"author":[{"embeddable":true,"href":"https:\/\/www.barcogroup.eu\/en\/wp-json\/wp\/v2\/users\/1"}],"replies":[{"embeddable":true,"href":"https:\/\/www.barcogroup.eu\/en\/wp-json\/wp\/v2\/comments?post=3"}],"version-history":[{"count":24,"href":"https:\/\/www.barcogroup.eu\/en\/wp-json\/wp\/v2\/pages\/3\/revisions"}],"predecessor-version":[{"id":3013,"href":"https:\/\/www.barcogroup.eu\/en\/wp-json\/wp\/v2\/pages\/3\/revisions\/3013"}],"wp:attachment":[{"href":"https:\/\/www.barcogroup.eu\/en\/wp-json\/wp\/v2\/media?parent=3"}],"curies":[{"name":"wp","href":"https:\/\/api.w.org\/{rel}","templated":true}]}}