{"id":2902,"date":"2025-05-26T20:49:21","date_gmt":"2025-05-26T20:49:21","guid":{"rendered":"https:\/\/www.barcogroup.eu\/?page_id=2902"},"modified":"2026-03-05T21:29:26","modified_gmt":"2026-03-05T21:29:26","slug":"holzpellets","status":"publish","type":"page","link":"https:\/\/www.barcogroup.eu\/pl\/holzpellets\/","title":{"rendered":"Pelety drzewne"},"content":{"rendered":"<div data-elementor-type=\"wp-page\" data-elementor-id=\"2902\" class=\"elementor elementor-2902\">\n\t\t\t\t\t\t<section class=\"elementor-section elementor-top-section elementor-element elementor-element-95749c8 elementor-section-boxed elementor-section-height-default elementor-section-height-default\" data-id=\"95749c8\" data-element_type=\"section\">\n\t\t\t\t\t\t<div class=\"elementor-container elementor-column-gap-default\">\n\t\t\t\t\t<div class=\"elementor-column elementor-col-100 elementor-top-column elementor-element elementor-element-451be25\" data-id=\"451be25\" data-element_type=\"column\">\n\t\t\t<div class=\"elementor-widget-wrap elementor-element-populated\">\n\t\t\t\t\t\t<div class=\"elementor-element elementor-element-a059287 elementor-widget elementor-widget-text-editor\" data-id=\"a059287\" data-element_type=\"widget\" data-widget_type=\"text-editor.default\">\n\t\t\t\t<div class=\"elementor-widget-container\">\n\t\t\t\t\t\t\t<p><strong data-start=\"328\" data-end=\"445\">Nasz pellet drzewny oferuje niezawodne, czyste i ekonomiczne rozwi\u0105zanie grzewcze dla domu lub firmy.<\/strong><br data-start=\"445\" data-end=\"448\" \/>Wykonane z czystego drewna iglastego bez dodatk\u00f3w chemicznych, gwarantuj\u0105 najwy\u017csz\u0105 jako\u015b\u0107 zgodnie z normami ENplus A1. Idealny do piec\u00f3w na pellet, kot\u0142\u00f3w lub jako alternatywa dla zr\u00f3wnowa\u017conego ogrzewania w przemy\u015ble i rolnictwie.<\/p>\t\t\t\t\t\t<\/div>\n\t\t\t\t<\/div>\n\t\t\t\t\t<\/div>\n\t\t<\/div>\n\t\t\t\t\t<\/div>\n\t\t<\/section>\n\t\t\t\t<section class=\"elementor-section elementor-top-section elementor-element elementor-element-6842351 elementor-section-boxed elementor-section-height-default elementor-section-height-default\" data-id=\"6842351\" data-element_type=\"section\">\n\t\t\t\t\t\t<div class=\"elementor-container elementor-column-gap-default\">\n\t\t\t\t\t<div class=\"elementor-column elementor-col-100 elementor-top-column elementor-element elementor-element-e53ad27\" data-id=\"e53ad27\" data-element_type=\"column\">\n\t\t\t<div class=\"elementor-widget-wrap elementor-element-populated\">\n\t\t\t\t\t\t<div class=\"elementor-element elementor-element-dad8478 elementor-widget elementor-widget-heading\" data-id=\"dad8478\" data-element_type=\"widget\" data-widget_type=\"heading.default\">\n\t\t\t\t<div class=\"elementor-widget-container\">\n\t\t\t<h4 class=\"elementor-heading-title elementor-size-default\">Nasze linie produkt\u00f3w:<\/h4>\t\t<\/div>\n\t\t\t\t<\/div>\n\t\t\t\t\t<\/div>\n\t\t<\/div>\n\t\t\t\t\t<\/div>\n\t\t<\/section>\n\t\t\t\t<section class=\"elementor-section elementor-top-section elementor-element elementor-element-cd675f3 elementor-section-boxed elementor-section-height-default elementor-section-height-default\" data-id=\"cd675f3\" data-element_type=\"section\">\n\t\t\t\t\t\t<div class=\"elementor-container elementor-column-gap-default\">\n\t\t\t\t\t<div class=\"elementor-column elementor-col-100 elementor-top-column elementor-element elementor-element-7ae5468\" data-id=\"7ae5468\" data-element_type=\"column\">\n\t\t\t<div class=\"elementor-widget-wrap elementor-element-populated\">\n\t\t\t\t\t\t<div class=\"elementor-element elementor-element-5be78c8 eael-product-grid-column-3 elementor-widget elementor-widget-eicon-woocommerce\" data-id=\"5be78c8\" data-element_type=\"widget\" data-widget_type=\"eicon-woocommerce.default\">\n\t\t\t\t<div class=\"elementor-widget-container\">\n\t\t\t\n        <div class=\"eael-product-grid eael-product-simple masonry\" id=\"eael-product-grid\" data-widget-id=\"5be78c8\" data-page-id=\"2902\" data-nonce=\"64fb793586\" >\n            <div class=\"woocommerce\">\n                <ul class=\"products\" data-layout-mode=\"masonry\">    <li class=\"product\">\n\t\t        <div class=\"eael-product-wrap\">\n\t\t\t<img fetchpriority=\"high\" decoding=\"async\" width=\"300\" height=\"300\" src=\"https:\/\/www.barcogroup.eu\/wp-content\/uploads\/2026\/03\/117_pl377_pellet_maximus-front_2-300x300.jpg\" class=\"attachment-woocommerce_thumbnail size-woocommerce_thumbnail wvs-archive-product-image\" alt=\"Holzpellets A1 Maximus\" loading=\"eager\" \/><div class=\"eael-product-title\">\n            <a href=\"https:\/\/www.barcogroup.eu\/pl\/product\/holzpellets-maximus\/\" class=\"woocommerce-LoopProduct-link woocommerce-loop-product__link\"><h2 class=\"woocommerce-loop-product__title\">Pellet drzewny A1 Maximus<\/h2><\/a>\n            <\/div>\t\t\t<a href=\"https:\/\/www.barcogroup.eu\/pl\/product\/holzpellets-maximus\/\" aria-describedby=\"woocommerce_loop_add_to_cart_link_describedby_3040\" data-quantity=\"1\" class=\"button product_type_simple\" data-product_id=\"3040\" data-product_sku=\"\" aria-label=\"Dowiedz si\u0119 wi\u0119cej\" rel=\"nofollow\" data-success_message=\"\" data-no-translation=\"\" data-trp-gettext=\"\" data-no-translation-aria-label=\"\">Dowiedz si\u0119 wi\u0119cej<\/a>\t<span id=\"woocommerce_loop_add_to_cart_link_describedby_3040\" class=\"screen-reader-text\">\n\t\t\t<\/span>\n\t\t\t\n        <\/div>\n\n    <\/li>\n\t    <li class=\"product\">\n\t\t        <div class=\"eael-product-wrap\">\n\t\t\t<img decoding=\"async\" width=\"235\" height=\"300\" src=\"https:\/\/www.barcogroup.eu\/wp-content\/uploads\/2026\/02\/Screenshot-2026-02-24-at-18-09-22-Holzpellets-Verba-Premium-inklusive-Lieferung-per-Sattelzug-Pellet4future.de_-235x300.png\" class=\"attachment-woocommerce_thumbnail size-woocommerce_thumbnail wvs-archive-product-image\" alt=\"Holzpellet A1 Verba\" loading=\"eager\" \/><div class=\"eael-product-title\">\n            <a href=\"https:\/\/www.barcogroup.eu\/pl\/product\/holzpellet-a1-verba\/\" class=\"woocommerce-LoopProduct-link woocommerce-loop-product__link\"><h2 class=\"woocommerce-loop-product__title\">Pellet drzewny A1 Verba<\/h2><\/a>\n            <\/div>\t\t\t<a href=\"https:\/\/www.barcogroup.eu\/pl\/product\/holzpellet-a1-verba\/\" aria-describedby=\"woocommerce_loop_add_to_cart_link_describedby_3024\" data-quantity=\"1\" class=\"button product_type_simple\" data-product_id=\"3024\" data-product_sku=\"\" aria-label=\"Dowiedz si\u0119 wi\u0119cej\" rel=\"nofollow\" data-success_message=\"\" data-no-translation=\"\" data-trp-gettext=\"\" data-no-translation-aria-label=\"\">Dowiedz si\u0119 wi\u0119cej<\/a>\t<span id=\"woocommerce_loop_add_to_cart_link_describedby_3024\" class=\"screen-reader-text\">\n\t\t\t<\/span>\n\t\t\t\n        <\/div>\n\n    <\/li>\n\t    <li class=\"product\">\n\t\t        <div class=\"eael-product-wrap\">\n\t\t\t<img decoding=\"async\" width=\"248\" height=\"300\" src=\"https:\/\/www.barcogroup.eu\/wp-content\/uploads\/2026\/02\/Screenshot-2026-02-24-at-17-50-08-Pellet-DPP-Resource-\u2013-Wydajne-i-Ekologiczne-Paliwo-Opalowe-PelletSklep-248x300.png\" class=\"attachment-woocommerce_thumbnail size-woocommerce_thumbnail wvs-archive-product-image\" alt=\"Holzpellets A1 DPP Resource\" loading=\"eager\" \/><div class=\"eael-product-title\">\n            <a href=\"https:\/\/www.barcogroup.eu\/pl\/product\/holzpellets-dpp-resource\/\" class=\"woocommerce-LoopProduct-link woocommerce-loop-product__link\"><h2 class=\"woocommerce-loop-product__title\">Holzpellets A1 DPP Resource<\/h2><\/a>\n            <\/div>\t\t\t<a href=\"https:\/\/www.barcogroup.eu\/pl\/product\/holzpellets-dpp-resource\/\" aria-describedby=\"woocommerce_loop_add_to_cart_link_describedby_3015\" data-quantity=\"1\" class=\"button product_type_simple\" data-product_id=\"3015\" data-product_sku=\"\" aria-label=\"Dowiedz si\u0119 wi\u0119cej\" rel=\"nofollow\" data-success_message=\"\" data-no-translation=\"\" data-trp-gettext=\"\" data-no-translation-aria-label=\"\">Dowiedz si\u0119 wi\u0119cej<\/a>\t<span id=\"woocommerce_loop_add_to_cart_link_describedby_3015\" class=\"screen-reader-text\">\n\t\t\t<\/span>\n\t\t\t\n        <\/div>\n\n    <\/li>\n\t    <li class=\"product\">\n\t\t        <div class=\"eael-product-wrap\">\n\t\t\t<img decoding=\"async\" width=\"200\" height=\"300\" src=\"https:\/\/www.barcogroup.eu\/wp-content\/uploads\/2024\/09\/dsc_0959_1-200x300.jpg\" class=\"attachment-woocommerce_thumbnail size-woocommerce_thumbnail wvs-archive-product-image\" alt=\"Holzpellet A1 Optima\" loading=\"eager\" \/><div class=\"eael-product-title\">\n            <a href=\"https:\/\/www.barcogroup.eu\/pl\/product\/holzpellet-a1-barco-optima\/\" class=\"woocommerce-LoopProduct-link woocommerce-loop-product__link\"><h2 class=\"woocommerce-loop-product__title\">Pellet drzewny A1 Optima<\/h2><\/a>\n            <\/div>\t\t\t<a href=\"https:\/\/www.barcogroup.eu\/pl\/product\/holzpellet-a1-barco-optima\/\" aria-describedby=\"woocommerce_loop_add_to_cart_link_describedby_2619\" data-quantity=\"1\" class=\"button product_type_simple\" data-product_id=\"2619\" data-product_sku=\"\" aria-label=\"Dowiedz si\u0119 wi\u0119cej\" rel=\"nofollow\" data-success_message=\"\" data-no-translation=\"\" data-trp-gettext=\"\" data-no-translation-aria-label=\"\">Dowiedz si\u0119 wi\u0119cej<\/a>\t<span id=\"woocommerce_loop_add_to_cart_link_describedby_2619\" class=\"screen-reader-text\">\n\t\t\t<\/span>\n\t\t\t\n        <\/div>\n\n    <\/li>\n\t    <li class=\"product\">\n\t\t        <div class=\"eael-product-wrap\">\n\t\t\t<img decoding=\"async\" width=\"200\" height=\"300\" src=\"https:\/\/www.barcogroup.eu\/wp-content\/uploads\/2024\/09\/dsc_0935_2-200x300.jpg\" class=\"attachment-woocommerce_thumbnail size-woocommerce_thumbnail wvs-archive-product-image\" alt=\"Pellet drzewny Exclusive\" loading=\"eager\" \/><div class=\"eael-product-title\">\n            <a href=\"https:\/\/www.barcogroup.eu\/pl\/product\/holzpellet-barcoexclusive-975kg\/\" class=\"woocommerce-LoopProduct-link woocommerce-loop-product__link\"><h2 class=\"woocommerce-loop-product__title\">Pellet drzewny A1 Exclusive<\/h2><\/a>\n            <\/div>\t\t\t<a href=\"https:\/\/www.barcogroup.eu\/pl\/product\/holzpellet-barcoexclusive-975kg\/\" aria-describedby=\"woocommerce_loop_add_to_cart_link_describedby_2513\" data-quantity=\"1\" class=\"button product_type_simple\" data-product_id=\"2513\" data-product_sku=\"\" aria-label=\"Dowiedz si\u0119 wi\u0119cej\" rel=\"nofollow\" data-success_message=\"\" data-no-translation=\"\" data-trp-gettext=\"\" data-no-translation-aria-label=\"\">Dowiedz si\u0119 wi\u0119cej<\/a>\t<span id=\"woocommerce_loop_add_to_cart_link_describedby_2513\" class=\"screen-reader-text\">\n\t\t\t<\/span>\n\t\t\t\n        <\/div>\n\n    <\/li>\n\t<\/ul>            <\/div>\n        <\/div>\n\n        <script type=\"text\/javascript\">\n            jQuery(document).ready(function($) {\n                var $scope = jQuery(\".elementor-element-5be78c8\");\n                var $products = $('.products', $scope);\n                var $layout_mode = $products.data('layout-mode');\n                \n                if ( $layout_mode === 'masonry' ) {\n                    \/\/ init isotope\n                    var $isotope_products = $products.isotope({\n                        itemSelector: \"li.product\",\n                        layoutMode: $layout_mode,\n                        percentPosition: true\n                    });\n\n                    $isotope_products.imagesLoaded().progress( function() {\n                        $isotope_products.isotope('layout');\n                    })\n                    \n                }\n            });\n        <\/script>\n        \t\t<\/div>\n\t\t\t\t<\/div>\n\t\t\t\t\t<\/div>\n\t\t<\/div>\n\t\t\t\t\t<\/div>\n\t\t<\/section>\n\t\t\t\t<section class=\"elementor-section elementor-top-section elementor-element elementor-element-3b54e79 elementor-section-boxed elementor-section-height-default elementor-section-height-default\" data-id=\"3b54e79\" data-element_type=\"section\">\n\t\t\t\t\t\t<div class=\"elementor-container elementor-column-gap-default\">\n\t\t\t\t\t<div class=\"elementor-column elementor-col-100 elementor-top-column elementor-element elementor-element-073221a\" data-id=\"073221a\" data-element_type=\"column\">\n\t\t\t<div class=\"elementor-widget-wrap elementor-element-populated\">\n\t\t\t\t\t\t<div class=\"elementor-element elementor-element-8ca8dbe elementor-widget-divider--view-line elementor-widget elementor-widget-divider\" data-id=\"8ca8dbe\" data-element_type=\"widget\" data-widget_type=\"divider.default\">\n\t\t\t\t<div class=\"elementor-widget-container\">\n\t\t\t\t\t<div class=\"elementor-divider\">\n\t\t\t<span class=\"elementor-divider-separator\">\n\t\t\t\t\t\t<\/span>\n\t\t<\/div>\n\t\t\t\t<\/div>\n\t\t\t\t<\/div>\n\t\t\t\t\t<\/div>\n\t\t<\/div>\n\t\t\t\t\t<\/div>\n\t\t<\/section>\n\t\t\t\t<section class=\"elementor-section elementor-top-section elementor-element elementor-element-73fd811 elementor-section-boxed elementor-section-height-default elementor-section-height-default\" data-id=\"73fd811\" data-element_type=\"section\">\n\t\t\t\t\t\t<div class=\"elementor-container elementor-column-gap-default\">\n\t\t\t\t\t<div class=\"elementor-column elementor-col-50 elementor-top-column elementor-element elementor-element-d2bd28f\" data-id=\"d2bd28f\" data-element_type=\"column\">\n\t\t\t<div class=\"elementor-widget-wrap elementor-element-populated\">\n\t\t\t\t\t\t<div class=\"elementor-element elementor-element-527839d elementor-widget elementor-widget-text-editor\" data-id=\"527839d\" data-element_type=\"widget\" data-widget_type=\"text-editor.default\">\n\t\t\t\t<div class=\"elementor-widget-container\">\n\t\t\t\t\t\t\t<h3 data-start=\"1222\" data-end=\"1256\">\ud83d\ude9a <strong data-start=\"1229\" data-end=\"1256\">Opakowanie i dostawa:<\/strong><\/h3><ul data-start=\"1258\" data-end=\"1431\"><li data-start=\"1258\" data-end=\"1302\"><p data-start=\"1260\" data-end=\"1302\">Palety <strong data-start=\"1271\" data-end=\"1281\">975 kg<\/strong> (65 work\u00f3w x 15 kg)<\/p><\/li><li data-start=\"1303\" data-end=\"1359\"><p data-start=\"1305\" data-end=\"1359\">Dostawa 40-tonow\u0105 ci\u0119\u017car\u00f3wk\u0105 (roz\u0142adunek przez klienta)<\/p><\/li><li data-start=\"1360\" data-end=\"1394\"><p data-start=\"1362\" data-end=\"1394\">Czas dostawy: ok. <strong data-start=\"1378\" data-end=\"1392\">1-2 tygodnie<\/strong><\/p><\/li><\/ul><hr data-start=\"1433\" data-end=\"1436\" \/>\t\t\t\t\t\t<\/div>\n\t\t\t\t<\/div>\n\t\t\t\t\t<\/div>\n\t\t<\/div>\n\t\t\t\t<div class=\"elementor-column elementor-col-50 elementor-top-column elementor-element elementor-element-853202c\" data-id=\"853202c\" data-element_type=\"column\">\n\t\t\t<div class=\"elementor-widget-wrap elementor-element-populated\">\n\t\t\t\t\t\t<div class=\"elementor-element elementor-element-0d8ae13 elementor-widget elementor-widget-text-editor\" data-id=\"0d8ae13\" data-element_type=\"widget\" data-widget_type=\"text-editor.default\">\n\t\t\t\t<div class=\"elementor-widget-container\">\n\t\t\t\t\t\t\t<h3 data-start=\"1438\" data-end=\"1470\">\ud83c\udf31 <strong data-start=\"1445\" data-end=\"1470\">Dlaczego nasz pellet?<\/strong><\/h3><ul data-start=\"1472\" data-end=\"1674\"><li data-start=\"1472\" data-end=\"1509\"><p data-start=\"1474\" data-end=\"1509\">Przyjazny dla \u015brodowiska i zr\u00f3wnowa\u017cony<\/p><\/li><li data-start=\"1510\" data-end=\"1554\"><p data-start=\"1512\" data-end=\"1554\">Certyfikowana jako\u015b\u0107 zgodnie z norm\u0105 ENplus-A1<\/p><\/li><li data-start=\"1555\" data-end=\"1598\"><p data-start=\"1557\" data-end=\"1598\">Niski poziom emisji i minimalna ilo\u015b\u0107 popio\u0142u<\/p><\/li><li data-start=\"1599\" data-end=\"1637\"><p data-start=\"1601\" data-end=\"1637\">Konkurencyjne ceny loco fabryka<\/p><\/li><li data-start=\"1638\" data-end=\"1674\"><p data-start=\"1640\" data-end=\"1674\">Dostawa na terenie ca\u0142ej Europy na \u017cyczenie<\/p><\/li><\/ul>\t\t\t\t\t\t<\/div>\n\t\t\t\t<\/div>\n\t\t\t\t\t<\/div>\n\t\t<\/div>\n\t\t\t\t\t<\/div>\n\t\t<\/section>\n\t\t\t\t<section class=\"elementor-section elementor-top-section elementor-element elementor-element-42cd03b elementor-section-boxed elementor-section-height-default elementor-section-height-default\" data-id=\"42cd03b\" data-element_type=\"section\">\n\t\t\t\t\t\t<div class=\"elementor-container elementor-column-gap-default\">\n\t\t\t\t\t<div class=\"elementor-column elementor-col-100 elementor-top-column elementor-element elementor-element-2523729\" data-id=\"2523729\" data-element_type=\"column\">\n\t\t\t<div class=\"elementor-widget-wrap\">\n\t\t\t\t\t\t\t<\/div>\n\t\t<\/div>\n\t\t\t\t\t<\/div>\n\t\t<\/section>\n\t\t\t\t<section class=\"elementor-section elementor-top-section elementor-element elementor-element-95071b4 elementor-section-boxed elementor-section-height-default elementor-section-height-default\" data-id=\"95071b4\" data-element_type=\"section\">\n\t\t\t\t\t\t<div class=\"elementor-container elementor-column-gap-default\">\n\t\t\t\t\t<div class=\"elementor-column elementor-col-100 elementor-top-column elementor-element elementor-element-71f9925\" data-id=\"71f9925\" data-element_type=\"column\">\n\t\t\t<div class=\"elementor-widget-wrap\">\n\t\t\t\t\t\t\t<\/div>\n\t\t<\/div>\n\t\t\t\t\t<\/div>\n\t\t<\/section>\n\t\t\t\t<\/div>","protected":false},"excerpt":{"rendered":"<p>Nasze pellety drzewne oferuj\u0105 niezawodne, czyste i ekonomiczne rozwi\u0105zanie grzewcze dla domu lub firmy. Wykonane z czystego drewna iglastego bez dodatk\u00f3w chemicznych, gwarantuj\u0105 najwy\u017csz\u0105 jako\u015b\u0107 zgodnie z normami ENplus A1. Idealny do piec\u00f3w i kot\u0142\u00f3w na pellet<\/p>","protected":false},"author":1,"featured_media":0,"parent":0,"menu_order":0,"comment_status":"closed","ping_status":"closed","template":"","meta":{"footnotes":""},"class_list":["post-2902","page","type-page","status-publish","hentry"],"yoast_head":"<!-- This site is optimized with the Yoast SEO Premium plugin v19.6 (Yoast SEO v25.1) - https:\/\/yoast.com\/wordpress\/plugins\/seo\/ -->\n<title>Holzpellets - Barco Group \u2013 Biomassehandel<\/title>\n<meta name=\"robots\" content=\"noindex, follow, max-snippet:-1, max-image-preview:large, max-video-preview:-1\" \/>\n<meta property=\"og:locale\" content=\"pl_PL\" \/>\n<meta property=\"og:type\" content=\"article\" \/>\n<meta property=\"og:title\" content=\"Holzpellets\" \/>\n<meta property=\"og:description\" content=\"Unsere Holzpellets bieten eine zuverl\u00e4ssige, saubere und wirtschaftliche Heizl\u00f6sung f\u00fcr Ihr Zuhause oder Gewerbe.Gefertigt aus reinem Nadelholz ohne chemische Zus\u00e4tze, garantieren sie h\u00f6chste Qualit\u00e4t gem\u00e4\u00df ENplus-A1-Normen. Ideal f\u00fcr Pellet\u00f6fen, Heizkessel\" \/>\n<meta property=\"og:url\" content=\"https:\/\/www.barcogroup.eu\/pl\/holzpellets\/\" \/>\n<meta property=\"og:site_name\" content=\"Barco Group \u2013 Biomassehandel\" \/>\n<meta property=\"article:modified_time\" content=\"2026-03-05T21:29:26+00:00\" \/>\n<meta property=\"og:image\" content=\"http:\/\/www.barcogroup.eu\/wp-content\/uploads\/2026\/03\/117_pl377_pellet_maximus-front_2-300x300.jpg\" \/>\n<meta name=\"twitter:card\" content=\"summary_large_image\" \/>\n<meta name=\"twitter:label1\" content=\"Szacowany czas czytania\" \/>\n\t<meta name=\"twitter:data1\" content=\"4 minuty\" \/>\n<script type=\"application\/ld+json\" class=\"yoast-schema-graph\">{\"@context\":\"https:\/\/schema.org\",\"@graph\":[{\"@type\":\"WebPage\",\"@id\":\"https:\/\/www.barcogroup.eu\/holzpellets\/\",\"url\":\"https:\/\/www.barcogroup.eu\/holzpellets\/\",\"name\":\"Holzpellets - Barco Group \u2013 Biomassehandel\",\"isPartOf\":{\"@id\":\"https:\/\/www.barcogroup.eu\/#website\"},\"primaryImageOfPage\":{\"@id\":\"https:\/\/www.barcogroup.eu\/holzpellets\/#primaryimage\"},\"image\":{\"@id\":\"https:\/\/www.barcogroup.eu\/holzpellets\/#primaryimage\"},\"thumbnailUrl\":\"http:\/\/www.barcogroup.eu\/wp-content\/uploads\/2026\/03\/117_pl377_pellet_maximus-front_2-300x300.jpg\",\"datePublished\":\"2025-05-26T20:49:21+00:00\",\"dateModified\":\"2026-03-05T21:29:26+00:00\",\"breadcrumb\":{\"@id\":\"https:\/\/www.barcogroup.eu\/holzpellets\/#breadcrumb\"},\"inLanguage\":\"pl-PL\",\"potentialAction\":[{\"@type\":\"ReadAction\",\"target\":[\"https:\/\/www.barcogroup.eu\/holzpellets\/\"]}]},{\"@type\":\"ImageObject\",\"inLanguage\":\"pl-PL\",\"@id\":\"https:\/\/www.barcogroup.eu\/holzpellets\/#primaryimage\",\"url\":\"http:\/\/www.barcogroup.eu\/wp-content\/uploads\/2026\/03\/117_pl377_pellet_maximus-front_2-300x300.jpg\",\"contentUrl\":\"http:\/\/www.barcogroup.eu\/wp-content\/uploads\/2026\/03\/117_pl377_pellet_maximus-front_2-300x300.jpg\"},{\"@type\":\"BreadcrumbList\",\"@id\":\"https:\/\/www.barcogroup.eu\/holzpellets\/#breadcrumb\",\"itemListElement\":[{\"@type\":\"ListItem\",\"position\":1,\"name\":\"Home\",\"item\":\"https:\/\/www.barcogroup.eu\/\"},{\"@type\":\"ListItem\",\"position\":2,\"name\":\"Holzpellets\"}]},{\"@type\":\"WebSite\",\"@id\":\"https:\/\/www.barcogroup.eu\/#website\",\"url\":\"https:\/\/www.barcogroup.eu\/\",\"name\":\"Barco Group \u2013 Biomassehandel\",\"description\":\"Holzpellets &amp; Briketts direkt vom Hersteller \u2013 nachhaltig, zertifiziert, zuverl\u00e4ssigcenta\u2705Brykiet torfowy\",\"publisher\":{\"@id\":\"https:\/\/www.barcogroup.eu\/#organization\"},\"potentialAction\":[{\"@type\":\"SearchAction\",\"target\":{\"@type\":\"EntryPoint\",\"urlTemplate\":\"https:\/\/www.barcogroup.eu\/?s={search_term_string}\"},\"query-input\":{\"@type\":\"PropertyValueSpecification\",\"valueRequired\":true,\"valueName\":\"search_term_string\"}}],\"inLanguage\":\"pl-PL\"},{\"@type\":\"Organization\",\"@id\":\"https:\/\/www.barcogroup.eu\/#organization\",\"name\":\"Barco Group \u2013 Biomassehandel\",\"url\":\"https:\/\/www.barcogroup.eu\/\",\"logo\":{\"@type\":\"ImageObject\",\"inLanguage\":\"pl-PL\",\"@id\":\"https:\/\/www.barcogroup.eu\/#\/schema\/logo\/image\/\",\"url\":\"https:\/\/www.barcogroup.eu\/wp-content\/uploads\/2023\/02\/cropped-logobarco-znakgold.jpg\",\"contentUrl\":\"https:\/\/www.barcogroup.eu\/wp-content\/uploads\/2023\/02\/cropped-logobarco-znakgold.jpg\",\"width\":977,\"height\":1030,\"caption\":\"Barco Group \u2013 Biomassehandel\"},\"image\":{\"@id\":\"https:\/\/www.barcogroup.eu\/#\/schema\/logo\/image\/\"}}]}<\/script>\n<!-- \/ Yoast SEO Premium plugin. -->","yoast_head_json":{"title":"Holzpellets - Barco Group \u2013 Biomassehandel","robots":{"index":"noindex","follow":"follow","max-snippet":"max-snippet:-1","max-image-preview":"max-image-preview:large","max-video-preview":"max-video-preview:-1"},"og_locale":"pl_PL","og_type":"article","og_title":"Holzpellets","og_description":"Unsere Holzpellets bieten eine zuverl\u00e4ssige, saubere und wirtschaftliche Heizl\u00f6sung f\u00fcr Ihr Zuhause oder Gewerbe.Gefertigt aus reinem Nadelholz ohne chemische Zus\u00e4tze, garantieren sie h\u00f6chste Qualit\u00e4t gem\u00e4\u00df ENplus-A1-Normen. Ideal f\u00fcr Pellet\u00f6fen, Heizkessel","og_url":"https:\/\/www.barcogroup.eu\/pl\/holzpellets\/","og_site_name":"Barco Group \u2013 Biomassehandel","article_modified_time":"2026-03-05T21:29:26+00:00","og_image":[{"url":"http:\/\/www.barcogroup.eu\/wp-content\/uploads\/2026\/03\/117_pl377_pellet_maximus-front_2-300x300.jpg","type":"","width":"","height":""}],"twitter_card":"summary_large_image","twitter_misc":{"Szacowany czas czytania":"4 minuty"},"schema":{"@context":"https:\/\/schema.org","@graph":[{"@type":"WebPage","@id":"https:\/\/www.barcogroup.eu\/holzpellets\/","url":"https:\/\/www.barcogroup.eu\/holzpellets\/","name":"Holzpellets - Barco Group \u2013 Biomassehandel","isPartOf":{"@id":"https:\/\/www.barcogroup.eu\/#website"},"primaryImageOfPage":{"@id":"https:\/\/www.barcogroup.eu\/holzpellets\/#primaryimage"},"image":{"@id":"https:\/\/www.barcogroup.eu\/holzpellets\/#primaryimage"},"thumbnailUrl":"http:\/\/www.barcogroup.eu\/wp-content\/uploads\/2026\/03\/117_pl377_pellet_maximus-front_2-300x300.jpg","datePublished":"2025-05-26T20:49:21+00:00","dateModified":"2026-03-05T21:29:26+00:00","breadcrumb":{"@id":"https:\/\/www.barcogroup.eu\/holzpellets\/#breadcrumb"},"inLanguage":"pl-PL","potentialAction":[{"@type":"ReadAction","target":["https:\/\/www.barcogroup.eu\/holzpellets\/"]}]},{"@type":"ImageObject","inLanguage":"pl-PL","@id":"https:\/\/www.barcogroup.eu\/holzpellets\/#primaryimage","url":"http:\/\/www.barcogroup.eu\/wp-content\/uploads\/2026\/03\/117_pl377_pellet_maximus-front_2-300x300.jpg","contentUrl":"http:\/\/www.barcogroup.eu\/wp-content\/uploads\/2026\/03\/117_pl377_pellet_maximus-front_2-300x300.jpg"},{"@type":"BreadcrumbList","@id":"https:\/\/www.barcogroup.eu\/holzpellets\/#breadcrumb","itemListElement":[{"@type":"ListItem","position":1,"name":"Home","item":"https:\/\/www.barcogroup.eu\/"},{"@type":"ListItem","position":2,"name":"Holzpellets"}]},{"@type":"WebSite","@id":"https:\/\/www.barcogroup.eu\/#website","url":"https:\/\/www.barcogroup.eu\/","name":"Barco Group \u2013 Biomassehandel","description":"Holzpellets &amp; Briketts direkt vom Hersteller \u2013 nachhaltig, zertifiziert, zuverl\u00e4ssigcenta\u2705Brykiet torfowy","publisher":{"@id":"https:\/\/www.barcogroup.eu\/#organization"},"potentialAction":[{"@type":"SearchAction","target":{"@type":"EntryPoint","urlTemplate":"https:\/\/www.barcogroup.eu\/?s={search_term_string}"},"query-input":{"@type":"PropertyValueSpecification","valueRequired":true,"valueName":"search_term_string"}}],"inLanguage":"pl-PL"},{"@type":"Organization","@id":"https:\/\/www.barcogroup.eu\/#organization","name":"Barco Group \u2013 Biomassehandel","url":"https:\/\/www.barcogroup.eu\/","logo":{"@type":"ImageObject","inLanguage":"pl-PL","@id":"https:\/\/www.barcogroup.eu\/#\/schema\/logo\/image\/","url":"https:\/\/www.barcogroup.eu\/wp-content\/uploads\/2023\/02\/cropped-logobarco-znakgold.jpg","contentUrl":"https:\/\/www.barcogroup.eu\/wp-content\/uploads\/2023\/02\/cropped-logobarco-znakgold.jpg","width":977,"height":1030,"caption":"Barco Group \u2013 Biomassehandel"},"image":{"@id":"https:\/\/www.barcogroup.eu\/#\/schema\/logo\/image\/"}}]}},"_links":{"self":[{"href":"https:\/\/www.barcogroup.eu\/pl\/wp-json\/wp\/v2\/pages\/2902","targetHints":{"allow":["GET"]}}],"collection":[{"href":"https:\/\/www.barcogroup.eu\/pl\/wp-json\/wp\/v2\/pages"}],"about":[{"href":"https:\/\/www.barcogroup.eu\/pl\/wp-json\/wp\/v2\/types\/page"}],"author":[{"embeddable":true,"href":"https:\/\/www.barcogroup.eu\/pl\/wp-json\/wp\/v2\/users\/1"}],"replies":[{"embeddable":true,"href":"https:\/\/www.barcogroup.eu\/pl\/wp-json\/wp\/v2\/comments?post=2902"}],"version-history":[{"count":25,"href":"https:\/\/www.barcogroup.eu\/pl\/wp-json\/wp\/v2\/pages\/2902\/revisions"}],"predecessor-version":[{"id":3061,"href":"https:\/\/www.barcogroup.eu\/pl\/wp-json\/wp\/v2\/pages\/2902\/revisions\/3061"}],"wp:attachment":[{"href":"https:\/\/www.barcogroup.eu\/pl\/wp-json\/wp\/v2\/media?parent=2902"}],"curies":[{"name":"wp","href":"https:\/\/api.w.org\/{rel}","templated":true}]}}