{"id":3,"date":"2023-02-09T17:45:14","date_gmt":"2023-02-09T17:45:14","guid":{"rendered":"http:\/\/www.barcogroup.eu\/?page_id=3"},"modified":"2025-05-27T12:50:38","modified_gmt":"2025-05-27T12:50:38","slug":"datenschutzerklaerung","status":"publish","type":"page","link":"https:\/\/www.barcogroup.eu\/pl\/datenschutzerklaerung\/","title":{"rendered":"Polityka prywatno\u015bci"},"content":{"rendered":"<div data-elementor-type=\"wp-page\" data-elementor-id=\"3\" class=\"elementor elementor-3\">\n\t\t\t\t\t\t<section class=\"elementor-section elementor-top-section elementor-element elementor-element-1351fc05 elementor-section-boxed elementor-section-height-default elementor-section-height-default\" data-id=\"1351fc05\" data-element_type=\"section\">\n\t\t\t\t\t\t<div class=\"elementor-container elementor-column-gap-default\">\n\t\t\t\t\t<div class=\"elementor-column elementor-col-100 elementor-top-column elementor-element elementor-element-31138e4\" data-id=\"31138e4\" data-element_type=\"column\">\n\t\t\t<div class=\"elementor-widget-wrap elementor-element-populated\">\n\t\t\t\t\t\t<div class=\"elementor-element elementor-element-78143200 elementor-widget elementor-widget-text-editor\" data-id=\"78143200\" data-element_type=\"widget\" data-widget_type=\"text-editor.default\">\n\t\t\t\t<div class=\"elementor-widget-container\">\n\t\t\t\t\t\t\t<h3 data-start=\"239\" data-end=\"269\">1. <strong data-start=\"246\" data-end=\"269\">Informacje og\u00f3lne<\/strong><\/h3>\n<p data-start=\"270\" data-end=\"486\">Ochrona danych osobowych u\u017cytkownik\u00f3w jest dla nas szczeg\u00f3lnie wa\u017cna. Traktujemy dane osobowe u\u017cytkownik\u00f3w w spos\u00f3b poufny i zgodnie z ustawowymi przepisami o ochronie danych oraz niniejsz\u0105 polityk\u0105 prywatno\u015bci.<\/p>\n<p data-start=\"488\" data-end=\"730\">Korzystanie z naszej strony internetowej jest zasadniczo mo\u017cliwe bez podawania danych osobowych. W zakresie, w jakim dane osobowe (np. imi\u0119 i nazwisko, adres lub adresy e-mail) s\u0105 gromadzone na naszej stronie internetowej, odbywa si\u0119 to zawsze na zasadzie dobrowolno\u015bci.<\/p>\n<h3 data-start=\"732\" data-end=\"765\">2. <strong data-start=\"739\" data-end=\"765\">Organ odpowiedzialny<\/strong><\/h3>\n<p data-start=\"766\" data-end=\"843\"><strong data-start=\"766\" data-end=\"798\">Barco Group - Handel biomas\u0105<\/strong><br data-start=\"798\" data-end=\"801\" \/>barcogroup.eu<br data-start=\"814\" data-end=\"817\" \/>e-mail: <a class=\"cursor-pointer\" rel=\"noopener\" data-start=\"825\" data-end=\"843\">info@barcogroup.eu<\/a><\/p>\n<p data-start=\"845\" data-end=\"1034\">Administrator danych to osoba fizyczna lub prawna, kt\u00f3ra samodzielnie lub wsp\u00f3lnie z innymi okre\u015bla cele i sposoby przetwarzania danych osobowych.<\/p>\n<h3 data-start=\"1036\" data-end=\"1096\">3. <strong data-start=\"1043\" data-end=\"1096\">Gromadzenie i przetwarzanie danych osobowych<\/strong><\/h3>\n<p data-start=\"1097\" data-end=\"1409\">Przetwarzamy dane wy\u0142\u0105cznie na podstawie przepis\u00f3w ustawowych (RODO, TMG). Je\u015bli skontaktujesz si\u0119 z nami za pomoc\u0105 formularza na stronie internetowej lub e-mailem, podane przez Ciebie dane b\u0119d\u0105 przez nas przechowywane przez sze\u015b\u0107 miesi\u0119cy w celu przetworzenia zapytania oraz w przypadku dalszych pyta\u0144.<\/p>\n<h3 data-start=\"1411\" data-end=\"1429\">4. <strong data-start=\"1418\" data-end=\"1429\">Pliki cookie<\/strong><\/h3>\n<p data-start=\"1430\" data-end=\"1683\">Nasza strona internetowa wykorzystuje tzw. pliki cookie. S\u0105 to ma\u0142e pliki tekstowe, kt\u00f3re s\u0105 przechowywane na urz\u0105dzeniu ko\u0144cowym u\u017cytkownika za pomoc\u0105 przegl\u0105darki. Nie powoduj\u0105 one \u017cadnych szk\u00f3d. U\u017cywamy plik\u00f3w cookie, aby nasza strona by\u0142a bardziej przyjazna dla u\u017cytkownika.<\/p>\n<p data-start=\"1685\" data-end=\"1819\">U\u017cytkownik mo\u017ce skonfigurowa\u0107 przegl\u0105dark\u0119 w taki spos\u00f3b, aby by\u0142 informowany o ustawieniach plik\u00f3w cookie i zezwala\u0142 na pliki cookie tylko w indywidualnych przypadkach.<\/p>\n<h3 data-start=\"1821\" data-end=\"1848\">5. <strong data-start=\"1828\" data-end=\"1848\">Pliki dziennika serwera<\/strong><\/h3>\n<p data-start=\"1849\" data-end=\"2011\">Dostawca stron automatycznie gromadzi i przechowuje informacje w tak zwanych plikach dziennika serwera, kt\u00f3re przegl\u0105darka u\u017cytkownika automatycznie przesy\u0142a do nas. S\u0105 to<\/p>\n<ul data-start=\"2012\" data-end=\"2152\">\n<li data-start=\"2012\" data-end=\"2043\">\n<p data-start=\"2014\" data-end=\"2043\">Typ i wersja przegl\u0105darki<\/p>\n<\/li>\n<li data-start=\"2044\" data-end=\"2072\">\n<p data-start=\"2046\" data-end=\"2072\">U\u017cywany system operacyjny<\/p>\n<\/li>\n<li data-start=\"2073\" data-end=\"2087\">\n<p data-start=\"2075\" data-end=\"2087\">Adres URL strony odsy\u0142aj\u0105cej<\/p>\n<\/li>\n<li data-start=\"2088\" data-end=\"2124\">\n<p data-start=\"2090\" data-end=\"2124\">Nazwa hosta komputera uzyskuj\u0105cego dost\u0119p<\/p>\n<\/li>\n<li data-start=\"2125\" data-end=\"2152\">\n<p data-start=\"2127\" data-end=\"2152\">Czas \u017c\u0105dania serwera<\/p>\n<\/li>\n<\/ul>\n<p data-start=\"2154\" data-end=\"2208\">Danych tych nie mo\u017cna przypisa\u0107 do konkretnych os\u00f3b.<\/p>\n<h3 data-start=\"2210\" data-end=\"2232\">6. <strong data-start=\"2217\" data-end=\"2232\">Twoje prawa<\/strong><\/h3>\n<p data-start=\"2233\" data-end=\"2476\">U\u017cytkownik ma prawo do uzyskania w dowolnym momencie informacji o przechowywanych danych osobowych, ich pochodzeniu i odbiorcy, a tak\u017ce celu przetwarzania danych. U\u017cytkownik ma r\u00f3wnie\u017c prawo do poprawienia, zablokowania lub usuni\u0119cia tych danych.<\/p>\n<p data-start=\"2478\" data-end=\"2533\">Prosimy o kontakt: <strong data-start=\"2511\" data-end=\"2533\"><a class=\"cursor-pointer\" rel=\"noopener\" data-start=\"2513\" data-end=\"2531\">info@barcogroup.eu<\/a><\/strong><\/p>\n<h3 data-start=\"2535\" data-end=\"2561\">7. <strong data-start=\"2542\" data-end=\"2561\">Formularz kontaktowy<\/strong><\/h3>\n<p data-start=\"2562\" data-end=\"2763\">Je\u015bli u\u017cytkownik prze\u015ble nam zapytanie za po\u015brednictwem formularza kontaktowego, jego dane z formularza, w tym dane kontaktowe podane w formularzu, b\u0119d\u0105 przechowywane przez nas w celu przetworzenia zapytania.<\/p>\n<p>\u00a0<\/p>\n<p><!-- wp:heading --><!-- \/wp:paragraph --><\/p>\t\t\t\t\t\t<\/div>\n\t\t\t\t<\/div>\n\t\t\t\t\t<\/div>\n\t\t<\/div>\n\t\t\t\t\t<\/div>\n\t\t<\/section>\n\t\t\t\t<\/div>","protected":false},"excerpt":{"rendered":"<p>1. Allgemeine Hinweise Der Schutz Ihrer pers\u00f6nlichen Daten ist uns ein besonderes Anliegen. Wir behandeln Ihre personenbezogenen Daten vertraulich und entsprechend der gesetzlichen Datenschutzvorschriften sowie dieser Datenschutzerkl\u00e4rung. Die Nutzung unserer<\/p>","protected":false},"author":1,"featured_media":0,"parent":0,"menu_order":0,"comment_status":"closed","ping_status":"open","template":"","meta":{"footnotes":""},"class_list":["post-3","page","type-page","status-publish","hentry"],"yoast_head":"<!-- This site is optimized with the Yoast SEO Premium plugin v19.6 (Yoast SEO v25.1) - https:\/\/yoast.com\/wordpress\/plugins\/seo\/ -->\n<title>Datenschutzerkl\u00e4rung - Barco Group \u2013 Biomassehandel<\/title>\n<meta name=\"description\" content=\"Polityka prywatno\u015bciIhre Daten sind bei uns sicher. Erfahren Sie mehr \u00fcber unsere Datenschutzrichtlinien gem\u00e4\u00df DSGVO.\" \/>\n<meta name=\"robots\" content=\"noindex, follow, max-snippet:-1, max-image-preview:large, max-video-preview:-1\" \/>\n<meta property=\"og:locale\" content=\"pl_PL\" \/>\n<meta property=\"og:type\" content=\"article\" \/>\n<meta property=\"og:title\" content=\"Datenschutzerkl\u00e4rung\" \/>\n<meta property=\"og:description\" content=\"Polityka prywatno\u015bciIhre Daten sind bei uns sicher. Erfahren Sie mehr \u00fcber unsere Datenschutzrichtlinien gem\u00e4\u00df DSGVO.\" \/>\n<meta property=\"og:url\" content=\"https:\/\/www.barcogroup.eu\/pl\/datenschutzerklaerung\/\" \/>\n<meta property=\"og:site_name\" content=\"Barco Group \u2013 Biomassehandel\" \/>\n<meta property=\"article:modified_time\" content=\"2025-05-27T12:50:38+00:00\" \/>\n<meta name=\"twitter:card\" content=\"summary_large_image\" \/>\n<meta name=\"twitter:label1\" content=\"Szacowany czas czytania\" \/>\n\t<meta name=\"twitter:data1\" content=\"2 minuty\" \/>\n<script type=\"application\/ld+json\" class=\"yoast-schema-graph\">{\"@context\":\"https:\/\/schema.org\",\"@graph\":[{\"@type\":\"WebPage\",\"@id\":\"https:\/\/www.barcogroup.eu\/datenschutzerklaerung\/\",\"url\":\"https:\/\/www.barcogroup.eu\/datenschutzerklaerung\/\",\"name\":\"Datenschutzerkl\u00e4rung - Barco Group \u2013 Biomassehandel\",\"isPartOf\":{\"@id\":\"https:\/\/www.barcogroup.eu\/#website\"},\"datePublished\":\"2023-02-09T17:45:14+00:00\",\"dateModified\":\"2025-05-27T12:50:38+00:00\",\"description\":\"Polityka prywatno\u015bciIhre Daten sind bei uns sicher. Erfahren Sie mehr \u00fcber unsere Datenschutzrichtlinien gem\u00e4\u00df DSGVO.\",\"breadcrumb\":{\"@id\":\"https:\/\/www.barcogroup.eu\/datenschutzerklaerung\/#breadcrumb\"},\"inLanguage\":\"pl-PL\",\"potentialAction\":[{\"@type\":\"ReadAction\",\"target\":[\"https:\/\/www.barcogroup.eu\/datenschutzerklaerung\/\"]}]},{\"@type\":\"BreadcrumbList\",\"@id\":\"https:\/\/www.barcogroup.eu\/datenschutzerklaerung\/#breadcrumb\",\"itemListElement\":[{\"@type\":\"ListItem\",\"position\":1,\"name\":\"Home\",\"item\":\"https:\/\/www.barcogroup.eu\/\"},{\"@type\":\"ListItem\",\"position\":2,\"name\":\"Datenschutzerkl\u00e4rung\"}]},{\"@type\":\"WebSite\",\"@id\":\"https:\/\/www.barcogroup.eu\/#website\",\"url\":\"https:\/\/www.barcogroup.eu\/\",\"name\":\"Barco Group \u2013 Biomassehandel\",\"description\":\"Holzpellets &amp; Briketts direkt vom Hersteller \u2013 nachhaltig, zertifiziert, zuverl\u00e4ssigcenta\u2705Brykiet torfowy\",\"publisher\":{\"@id\":\"https:\/\/www.barcogroup.eu\/#organization\"},\"potentialAction\":[{\"@type\":\"SearchAction\",\"target\":{\"@type\":\"EntryPoint\",\"urlTemplate\":\"https:\/\/www.barcogroup.eu\/?s={search_term_string}\"},\"query-input\":{\"@type\":\"PropertyValueSpecification\",\"valueRequired\":true,\"valueName\":\"search_term_string\"}}],\"inLanguage\":\"pl-PL\"},{\"@type\":\"Organization\",\"@id\":\"https:\/\/www.barcogroup.eu\/#organization\",\"name\":\"Barco Group \u2013 Biomassehandel\",\"url\":\"https:\/\/www.barcogroup.eu\/\",\"logo\":{\"@type\":\"ImageObject\",\"inLanguage\":\"pl-PL\",\"@id\":\"https:\/\/www.barcogroup.eu\/#\/schema\/logo\/image\/\",\"url\":\"https:\/\/www.barcogroup.eu\/wp-content\/uploads\/2023\/02\/cropped-logobarco-znakgold.jpg\",\"contentUrl\":\"https:\/\/www.barcogroup.eu\/wp-content\/uploads\/2023\/02\/cropped-logobarco-znakgold.jpg\",\"width\":977,\"height\":1030,\"caption\":\"Barco Group \u2013 Biomassehandel\"},\"image\":{\"@id\":\"https:\/\/www.barcogroup.eu\/#\/schema\/logo\/image\/\"}}]}<\/script>\n<!-- \/ Yoast SEO Premium plugin. -->","yoast_head_json":{"title":"Datenschutzerkl\u00e4rung - Barco Group \u2013 Biomassehandel","description":"Polityka prywatno\u015bciIhre Daten sind bei uns sicher. Erfahren Sie mehr \u00fcber unsere Datenschutzrichtlinien gem\u00e4\u00df DSGVO.","robots":{"index":"noindex","follow":"follow","max-snippet":"max-snippet:-1","max-image-preview":"max-image-preview:large","max-video-preview":"max-video-preview:-1"},"og_locale":"pl_PL","og_type":"article","og_title":"Datenschutzerkl\u00e4rung","og_description":"Polityka prywatno\u015bciIhre Daten sind bei uns sicher. Erfahren Sie mehr \u00fcber unsere Datenschutzrichtlinien gem\u00e4\u00df DSGVO.","og_url":"https:\/\/www.barcogroup.eu\/pl\/datenschutzerklaerung\/","og_site_name":"Barco Group \u2013 Biomassehandel","article_modified_time":"2025-05-27T12:50:38+00:00","twitter_card":"summary_large_image","twitter_misc":{"Szacowany czas czytania":"2 minuty"},"schema":{"@context":"https:\/\/schema.org","@graph":[{"@type":"WebPage","@id":"https:\/\/www.barcogroup.eu\/datenschutzerklaerung\/","url":"https:\/\/www.barcogroup.eu\/datenschutzerklaerung\/","name":"Datenschutzerkl\u00e4rung - Barco Group \u2013 Biomassehandel","isPartOf":{"@id":"https:\/\/www.barcogroup.eu\/#website"},"datePublished":"2023-02-09T17:45:14+00:00","dateModified":"2025-05-27T12:50:38+00:00","description":"Polityka prywatno\u015bciIhre Daten sind bei uns sicher. Erfahren Sie mehr \u00fcber unsere Datenschutzrichtlinien gem\u00e4\u00df DSGVO.","breadcrumb":{"@id":"https:\/\/www.barcogroup.eu\/datenschutzerklaerung\/#breadcrumb"},"inLanguage":"pl-PL","potentialAction":[{"@type":"ReadAction","target":["https:\/\/www.barcogroup.eu\/datenschutzerklaerung\/"]}]},{"@type":"BreadcrumbList","@id":"https:\/\/www.barcogroup.eu\/datenschutzerklaerung\/#breadcrumb","itemListElement":[{"@type":"ListItem","position":1,"name":"Home","item":"https:\/\/www.barcogroup.eu\/"},{"@type":"ListItem","position":2,"name":"Datenschutzerkl\u00e4rung"}]},{"@type":"WebSite","@id":"https:\/\/www.barcogroup.eu\/#website","url":"https:\/\/www.barcogroup.eu\/","name":"Barco Group \u2013 Biomassehandel","description":"Holzpellets &amp; Briketts direkt vom Hersteller \u2013 nachhaltig, zertifiziert, zuverl\u00e4ssigcenta\u2705Brykiet torfowy","publisher":{"@id":"https:\/\/www.barcogroup.eu\/#organization"},"potentialAction":[{"@type":"SearchAction","target":{"@type":"EntryPoint","urlTemplate":"https:\/\/www.barcogroup.eu\/?s={search_term_string}"},"query-input":{"@type":"PropertyValueSpecification","valueRequired":true,"valueName":"search_term_string"}}],"inLanguage":"pl-PL"},{"@type":"Organization","@id":"https:\/\/www.barcogroup.eu\/#organization","name":"Barco Group \u2013 Biomassehandel","url":"https:\/\/www.barcogroup.eu\/","logo":{"@type":"ImageObject","inLanguage":"pl-PL","@id":"https:\/\/www.barcogroup.eu\/#\/schema\/logo\/image\/","url":"https:\/\/www.barcogroup.eu\/wp-content\/uploads\/2023\/02\/cropped-logobarco-znakgold.jpg","contentUrl":"https:\/\/www.barcogroup.eu\/wp-content\/uploads\/2023\/02\/cropped-logobarco-znakgold.jpg","width":977,"height":1030,"caption":"Barco Group \u2013 Biomassehandel"},"image":{"@id":"https:\/\/www.barcogroup.eu\/#\/schema\/logo\/image\/"}}]}},"_links":{"self":[{"href":"https:\/\/www.barcogroup.eu\/pl\/wp-json\/wp\/v2\/pages\/3","targetHints":{"allow":["GET"]}}],"collection":[{"href":"https:\/\/www.barcogroup.eu\/pl\/wp-json\/wp\/v2\/pages"}],"about":[{"href":"https:\/\/www.barcogroup.eu\/pl\/wp-json\/wp\/v2\/types\/page"}],"author":[{"embeddable":true,"href":"https:\/\/www.barcogroup.eu\/pl\/wp-json\/wp\/v2\/users\/1"}],"replies":[{"embeddable":true,"href":"https:\/\/www.barcogroup.eu\/pl\/wp-json\/wp\/v2\/comments?post=3"}],"version-history":[{"count":24,"href":"https:\/\/www.barcogroup.eu\/pl\/wp-json\/wp\/v2\/pages\/3\/revisions"}],"predecessor-version":[{"id":3013,"href":"https:\/\/www.barcogroup.eu\/pl\/wp-json\/wp\/v2\/pages\/3\/revisions\/3013"}],"wp:attachment":[{"href":"https:\/\/www.barcogroup.eu\/pl\/wp-json\/wp\/v2\/media?parent=3"}],"curies":[{"name":"wp","href":"https:\/\/api.w.org\/{rel}","templated":true}]}}