{"id":75,"date":"2023-02-10T02:39:16","date_gmt":"2023-02-10T02:39:16","guid":{"rendered":"https:\/\/www.barcogroup.eu\/?page_id=75"},"modified":"2025-05-26T20:26:11","modified_gmt":"2025-05-26T20:26:11","slug":"briketts","status":"publish","type":"page","link":"https:\/\/www.barcogroup.eu\/pl\/briketts\/","title":{"rendered":"Brykiety"},"content":{"rendered":"<div data-elementor-type=\"wp-page\" data-elementor-id=\"75\" class=\"elementor elementor-75\">\n\t\t\t\t\t\t<section class=\"elementor-section elementor-top-section elementor-element elementor-element-80e9851 elementor-section-boxed elementor-section-height-default elementor-section-height-default\" data-id=\"80e9851\" data-element_type=\"section\">\n\t\t\t\t\t\t<div class=\"elementor-container elementor-column-gap-default\">\n\t\t\t\t\t<div class=\"elementor-column elementor-col-100 elementor-top-column elementor-element elementor-element-fcbfcb5\" data-id=\"fcbfcb5\" data-element_type=\"column\">\n\t\t\t<div class=\"elementor-widget-wrap elementor-element-populated\">\n\t\t\t\t\t\t<div class=\"elementor-element elementor-element-10bd5e4 elementor-widget-divider--view-line elementor-widget elementor-widget-divider\" data-id=\"10bd5e4\" data-element_type=\"widget\" data-widget_type=\"divider.default\">\n\t\t\t\t<div class=\"elementor-widget-container\">\n\t\t\t\t\t<div class=\"elementor-divider\">\n\t\t\t<span class=\"elementor-divider-separator\">\n\t\t\t\t\t\t<\/span>\n\t\t<\/div>\n\t\t\t\t<\/div>\n\t\t\t\t<\/div>\n\t\t\t\t\t<\/div>\n\t\t<\/div>\n\t\t\t\t\t<\/div>\n\t\t<\/section>\n\t\t\t\t<section class=\"elementor-section elementor-top-section elementor-element elementor-element-92ff4c5 elementor-section-boxed elementor-section-height-default elementor-section-height-default\" data-id=\"92ff4c5\" data-element_type=\"section\">\n\t\t\t\t\t\t<div class=\"elementor-container elementor-column-gap-default\">\n\t\t\t\t\t<div class=\"elementor-column elementor-col-100 elementor-top-column elementor-element elementor-element-55ed0b6\" data-id=\"55ed0b6\" data-element_type=\"column\">\n\t\t\t<div class=\"elementor-widget-wrap elementor-element-populated\">\n\t\t\t\t\t\t<div class=\"elementor-element elementor-element-1fa3961 elementor-widget elementor-widget-text-editor\" data-id=\"1fa3961\" data-element_type=\"widget\" data-widget_type=\"text-editor.default\">\n\t\t\t\t<div class=\"elementor-widget-container\">\n\t\t\t\t\t\t\t<p>Prezentujemy brykiety drzewne i brykiety torfowe. Cechuje je niezawodna jako\u015b\u0107, wysoka wydajno\u015b\u0107 spalania oraz konkurencyjne ceny - cechy, kt\u00f3re wyr\u00f3\u017cniaj\u0105 wszystkie nasze produkty.<\/p>\t\t\t\t\t\t<\/div>\n\t\t\t\t<\/div>\n\t\t\t\t\t<\/div>\n\t\t<\/div>\n\t\t\t\t\t<\/div>\n\t\t<\/section>\n\t\t\t\t<section class=\"elementor-section elementor-top-section elementor-element elementor-element-9867807 elementor-section-boxed elementor-section-height-default elementor-section-height-default\" data-id=\"9867807\" data-element_type=\"section\">\n\t\t\t\t\t\t<div class=\"elementor-container elementor-column-gap-default\">\n\t\t\t\t\t<div class=\"elementor-column elementor-col-100 elementor-top-column elementor-element elementor-element-e5945d3\" data-id=\"e5945d3\" data-element_type=\"column\">\n\t\t\t<div class=\"elementor-widget-wrap elementor-element-populated\">\n\t\t\t\t\t\t<div class=\"elementor-element elementor-element-02809f2 eael-product-grid-column-4 elementor-widget elementor-widget-eicon-woocommerce\" data-id=\"02809f2\" data-element_type=\"widget\" data-widget_type=\"eicon-woocommerce.default\">\n\t\t\t\t<div class=\"elementor-widget-container\">\n\t\t\t\n        <div class=\"eael-product-grid eael-product-simple grid\" id=\"eael-product-grid\" data-widget-id=\"02809f2\" data-page-id=\"75\" data-nonce=\"64fb793586\" >\n            <div class=\"woocommerce\">\n                <ul class=\"products\" data-layout-mode=\"grid\">    <li class=\"product\">\n\t\t<div class=\"shop-toolkit-poroduct style1\">        <div class=\"eael-product-wrap\">\n\t\t\t<a href=\"https:\/\/www.barcogroup.eu\/pl\/product\/torfbriketts-big-bag\/\" class=\"woocommerce-LoopProduct-link woocommerce-loop-product__link\"><img decoding=\"async\" width=\"159\" height=\"300\" src=\"https:\/\/www.barcogroup.eu\/wp-content\/uploads\/2024\/09\/7aff8139-0c06-4495-848f-269f46d8a0e3-159x300.png\" class=\"attachment-woocommerce_thumbnail size-woocommerce_thumbnail wvs-archive-product-image\" alt=\"Torfbriketts im Big Bag 1000 kg\" loading=\"eager\" \/><\/a><div class=\"eael-product-title\">\n            <a href=\"https:\/\/www.barcogroup.eu\/pl\/product\/torfbriketts-big-bag\/\" class=\"woocommerce-LoopProduct-link woocommerce-loop-product__link\"><h2 class=\"woocommerce-loop-product__title\">Brykiety torfowe w workach Big Bag 1000 kg<\/h2><\/a>\n            <\/div><div class=\"eael-product-price\"><\/div>\t\t\t<a href=\"https:\/\/www.barcogroup.eu\/pl\/product\/torfbriketts-big-bag\/\" aria-describedby=\"woocommerce_loop_add_to_cart_link_describedby_2715\" data-quantity=\"1\" class=\"button product_type_simple\" data-product_id=\"2715\" data-product_sku=\"\" aria-label=\"Dowiedz si\u0119 wi\u0119cej\" rel=\"nofollow\" data-success_message=\"\" data-no-translation=\"\" data-trp-gettext=\"\" data-no-translation-aria-label=\"\">Dowiedz si\u0119 wi\u0119cej<\/a>\t<span id=\"woocommerce_loop_add_to_cart_link_describedby_2715\" class=\"screen-reader-text\">\n\t\t\t<\/span>\n\t\t\t<\/a><\/div\">\n        <\/div>\n\n    <\/li>\n\t    <li class=\"product\">\n\t\t<div class=\"shop-toolkit-poroduct style1\">        <div class=\"eael-product-wrap\">\n\t\t\t<a href=\"https:\/\/www.barcogroup.eu\/pl\/product\/torfbriketts\/\" class=\"woocommerce-LoopProduct-link woocommerce-loop-product__link\"><img fetchpriority=\"high\" decoding=\"async\" width=\"269\" height=\"300\" src=\"https:\/\/www.barcogroup.eu\/wp-content\/uploads\/2024\/09\/65b4a941-a52c-41f7-8aa7-f502c504de92-269x300.png\" class=\"attachment-woocommerce_thumbnail size-woocommerce_thumbnail wvs-archive-product-image\" alt=\"Torfbriketts\" loading=\"eager\" \/><\/a><div class=\"eael-product-title\">\n            <a href=\"https:\/\/www.barcogroup.eu\/pl\/product\/torfbriketts\/\" class=\"woocommerce-LoopProduct-link woocommerce-loop-product__link\"><h2 class=\"woocommerce-loop-product__title\">Brykiety torfowe<\/h2><\/a>\n            <\/div><div class=\"eael-product-price\"><\/div>\t\t\t<a href=\"https:\/\/www.barcogroup.eu\/pl\/product\/torfbriketts\/\" aria-describedby=\"woocommerce_loop_add_to_cart_link_describedby_2710\" data-quantity=\"1\" class=\"button product_type_simple\" data-product_id=\"2710\" data-product_sku=\"\" aria-label=\"Dowiedz si\u0119 wi\u0119cej\" rel=\"nofollow\" data-success_message=\"\" data-no-translation=\"\" data-trp-gettext=\"\" data-no-translation-aria-label=\"\">Dowiedz si\u0119 wi\u0119cej<\/a>\t<span id=\"woocommerce_loop_add_to_cart_link_describedby_2710\" class=\"screen-reader-text\">\n\t\t\t<\/span>\n\t\t\t<\/a><\/div\">\n        <\/div>\n\n    <\/li>\n\t<\/ul>            <\/div>\n        <\/div>\n\n        <script type=\"text\/javascript\">\n            jQuery(document).ready(function($) {\n                var $scope = jQuery(\".elementor-element-02809f2\");\n                var $products = $('.products', $scope);\n                var $layout_mode = $products.data('layout-mode');\n                \n                if ( $layout_mode === 'masonry' ) {\n                    \/\/ init isotope\n                    var $isotope_products = $products.isotope({\n                        itemSelector: \"li.product\",\n                        layoutMode: $layout_mode,\n                        percentPosition: true\n                    });\n\n                    $isotope_products.imagesLoaded().progress( function() {\n                        $isotope_products.isotope('layout');\n                    })\n                    \n                }\n            });\n        <\/script>\n        \t\t<\/div>\n\t\t\t\t<\/div>\n\t\t\t\t\t<\/div>\n\t\t<\/div>\n\t\t\t\t\t<\/div>\n\t\t<\/section>\n\t\t\t\t<\/div>","protected":false},"excerpt":{"rendered":"<p>Wir pr\u00e4sentieren Holzbriketts und Torfbriketts. Sie zeichnen sich durch zuverl\u00e4ssige Qualit\u00e4t, hohe Verbrennungseffizienz und wettbewerbsf\u00e4hige Preise aus \u2013 Merkmale, die all unsere Produkte auszeichnen. Brykiet torfowy Big bag 1000 kg.<\/p>","protected":false},"author":1,"featured_media":0,"parent":0,"menu_order":0,"comment_status":"closed","ping_status":"closed","template":"elementor_header_footer","meta":{"footnotes":""},"class_list":["post-75","page","type-page","status-publish","hentry"],"yoast_head":"<!-- This site is optimized with the Yoast SEO Premium plugin v19.6 (Yoast SEO v25.1) - https:\/\/yoast.com\/wordpress\/plugins\/seo\/ -->\n<title>Briketts - Barco Group \u2013 Biomassehandel<\/title>\n<meta name=\"description\" content=\"Unser Angebot umfasst Materialien f\u00fcr die Verpackung - Klebeband, Stretchfolie, Sackn\u00e4hmaschinen, Paletten, Pallettenrahmen, S\u00e4cke Big Bag\" \/>\n<meta name=\"robots\" content=\"noindex, follow, max-snippet:-1, max-image-preview:large, max-video-preview:-1\" \/>\n<meta property=\"og:locale\" content=\"pl_PL\" \/>\n<meta property=\"og:type\" content=\"article\" \/>\n<meta property=\"og:title\" content=\"Briketts\" \/>\n<meta property=\"og:description\" content=\"Unser Angebot umfasst Materialien f\u00fcr die Verpackung - Klebeband, Stretchfolie, Sackn\u00e4hmaschinen, Paletten, Pallettenrahmen, S\u00e4cke Big Bag\" \/>\n<meta property=\"og:url\" content=\"https:\/\/www.barcogroup.eu\/pl\/briketts\/\" \/>\n<meta property=\"og:site_name\" content=\"Barco Group \u2013 Biomassehandel\" \/>\n<meta property=\"article:modified_time\" content=\"2025-05-26T20:26:11+00:00\" \/>\n<meta property=\"og:image\" content=\"http:\/\/www.barcogroup.eu\/wp-content\/uploads\/2024\/09\/7aff8139-0c06-4495-848f-269f46d8a0e3-159x300.png\" \/>\n<meta name=\"twitter:card\" content=\"summary_large_image\" \/>\n<meta name=\"twitter:label1\" content=\"Szacowany czas czytania\" \/>\n\t<meta name=\"twitter:data1\" content=\"1 minuta\" \/>\n<script type=\"application\/ld+json\" class=\"yoast-schema-graph\">{\"@context\":\"https:\/\/schema.org\",\"@graph\":[{\"@type\":\"WebPage\",\"@id\":\"https:\/\/www.barcogroup.eu\/briketts\/\",\"url\":\"https:\/\/www.barcogroup.eu\/briketts\/\",\"name\":\"Briketts - Barco Group \u2013 Biomassehandel\",\"isPartOf\":{\"@id\":\"https:\/\/www.barcogroup.eu\/#website\"},\"primaryImageOfPage\":{\"@id\":\"https:\/\/www.barcogroup.eu\/briketts\/#primaryimage\"},\"image\":{\"@id\":\"https:\/\/www.barcogroup.eu\/briketts\/#primaryimage\"},\"thumbnailUrl\":\"http:\/\/www.barcogroup.eu\/wp-content\/uploads\/2024\/09\/7aff8139-0c06-4495-848f-269f46d8a0e3-159x300.png\",\"datePublished\":\"2023-02-10T02:39:16+00:00\",\"dateModified\":\"2025-05-26T20:26:11+00:00\",\"description\":\"Unser Angebot umfasst Materialien f\u00fcr die Verpackung - Klebeband, Stretchfolie, Sackn\u00e4hmaschinen, Paletten, Pallettenrahmen, S\u00e4cke Big Bag\",\"breadcrumb\":{\"@id\":\"https:\/\/www.barcogroup.eu\/briketts\/#breadcrumb\"},\"inLanguage\":\"pl-PL\",\"potentialAction\":[{\"@type\":\"ReadAction\",\"target\":[\"https:\/\/www.barcogroup.eu\/briketts\/\"]}]},{\"@type\":\"ImageObject\",\"inLanguage\":\"pl-PL\",\"@id\":\"https:\/\/www.barcogroup.eu\/briketts\/#primaryimage\",\"url\":\"http:\/\/www.barcogroup.eu\/wp-content\/uploads\/2024\/09\/7aff8139-0c06-4495-848f-269f46d8a0e3-159x300.png\",\"contentUrl\":\"http:\/\/www.barcogroup.eu\/wp-content\/uploads\/2024\/09\/7aff8139-0c06-4495-848f-269f46d8a0e3-159x300.png\"},{\"@type\":\"BreadcrumbList\",\"@id\":\"https:\/\/www.barcogroup.eu\/briketts\/#breadcrumb\",\"itemListElement\":[{\"@type\":\"ListItem\",\"position\":1,\"name\":\"Home\",\"item\":\"https:\/\/www.barcogroup.eu\/\"},{\"@type\":\"ListItem\",\"position\":2,\"name\":\"Briketts\"}]},{\"@type\":\"WebSite\",\"@id\":\"https:\/\/www.barcogroup.eu\/#website\",\"url\":\"https:\/\/www.barcogroup.eu\/\",\"name\":\"Barco Group \u2013 Biomassehandel\",\"description\":\"Holzpellets &amp; Briketts direkt vom Hersteller \u2013 nachhaltig, zertifiziert, zuverl\u00e4ssigcenta\u2705Brykiet torfowy\",\"publisher\":{\"@id\":\"https:\/\/www.barcogroup.eu\/#organization\"},\"potentialAction\":[{\"@type\":\"SearchAction\",\"target\":{\"@type\":\"EntryPoint\",\"urlTemplate\":\"https:\/\/www.barcogroup.eu\/?s={search_term_string}\"},\"query-input\":{\"@type\":\"PropertyValueSpecification\",\"valueRequired\":true,\"valueName\":\"search_term_string\"}}],\"inLanguage\":\"pl-PL\"},{\"@type\":\"Organization\",\"@id\":\"https:\/\/www.barcogroup.eu\/#organization\",\"name\":\"Barco Group \u2013 Biomassehandel\",\"url\":\"https:\/\/www.barcogroup.eu\/\",\"logo\":{\"@type\":\"ImageObject\",\"inLanguage\":\"pl-PL\",\"@id\":\"https:\/\/www.barcogroup.eu\/#\/schema\/logo\/image\/\",\"url\":\"https:\/\/www.barcogroup.eu\/wp-content\/uploads\/2023\/02\/cropped-logobarco-znakgold.jpg\",\"contentUrl\":\"https:\/\/www.barcogroup.eu\/wp-content\/uploads\/2023\/02\/cropped-logobarco-znakgold.jpg\",\"width\":977,\"height\":1030,\"caption\":\"Barco Group \u2013 Biomassehandel\"},\"image\":{\"@id\":\"https:\/\/www.barcogroup.eu\/#\/schema\/logo\/image\/\"}}]}<\/script>\n<!-- \/ Yoast SEO Premium plugin. -->","yoast_head_json":{"title":"Briketts - Barco Group \u2013 Biomassehandel","description":"Unser Angebot umfasst Materialien f\u00fcr die Verpackung - Klebeband, Stretchfolie, Sackn\u00e4hmaschinen, Paletten, Pallettenrahmen, S\u00e4cke Big Bag","robots":{"index":"noindex","follow":"follow","max-snippet":"max-snippet:-1","max-image-preview":"max-image-preview:large","max-video-preview":"max-video-preview:-1"},"og_locale":"pl_PL","og_type":"article","og_title":"Briketts","og_description":"Unser Angebot umfasst Materialien f\u00fcr die Verpackung - Klebeband, Stretchfolie, Sackn\u00e4hmaschinen, Paletten, Pallettenrahmen, S\u00e4cke Big Bag","og_url":"https:\/\/www.barcogroup.eu\/pl\/briketts\/","og_site_name":"Barco Group \u2013 Biomassehandel","article_modified_time":"2025-05-26T20:26:11+00:00","og_image":[{"url":"http:\/\/www.barcogroup.eu\/wp-content\/uploads\/2024\/09\/7aff8139-0c06-4495-848f-269f46d8a0e3-159x300.png","type":"","width":"","height":""}],"twitter_card":"summary_large_image","twitter_misc":{"Szacowany czas czytania":"1 minuta"},"schema":{"@context":"https:\/\/schema.org","@graph":[{"@type":"WebPage","@id":"https:\/\/www.barcogroup.eu\/briketts\/","url":"https:\/\/www.barcogroup.eu\/briketts\/","name":"Briketts - Barco Group \u2013 Biomassehandel","isPartOf":{"@id":"https:\/\/www.barcogroup.eu\/#website"},"primaryImageOfPage":{"@id":"https:\/\/www.barcogroup.eu\/briketts\/#primaryimage"},"image":{"@id":"https:\/\/www.barcogroup.eu\/briketts\/#primaryimage"},"thumbnailUrl":"http:\/\/www.barcogroup.eu\/wp-content\/uploads\/2024\/09\/7aff8139-0c06-4495-848f-269f46d8a0e3-159x300.png","datePublished":"2023-02-10T02:39:16+00:00","dateModified":"2025-05-26T20:26:11+00:00","description":"Unser Angebot umfasst Materialien f\u00fcr die Verpackung - Klebeband, Stretchfolie, Sackn\u00e4hmaschinen, Paletten, Pallettenrahmen, S\u00e4cke Big Bag","breadcrumb":{"@id":"https:\/\/www.barcogroup.eu\/briketts\/#breadcrumb"},"inLanguage":"pl-PL","potentialAction":[{"@type":"ReadAction","target":["https:\/\/www.barcogroup.eu\/briketts\/"]}]},{"@type":"ImageObject","inLanguage":"pl-PL","@id":"https:\/\/www.barcogroup.eu\/briketts\/#primaryimage","url":"http:\/\/www.barcogroup.eu\/wp-content\/uploads\/2024\/09\/7aff8139-0c06-4495-848f-269f46d8a0e3-159x300.png","contentUrl":"http:\/\/www.barcogroup.eu\/wp-content\/uploads\/2024\/09\/7aff8139-0c06-4495-848f-269f46d8a0e3-159x300.png"},{"@type":"BreadcrumbList","@id":"https:\/\/www.barcogroup.eu\/briketts\/#breadcrumb","itemListElement":[{"@type":"ListItem","position":1,"name":"Home","item":"https:\/\/www.barcogroup.eu\/"},{"@type":"ListItem","position":2,"name":"Briketts"}]},{"@type":"WebSite","@id":"https:\/\/www.barcogroup.eu\/#website","url":"https:\/\/www.barcogroup.eu\/","name":"Barco Group \u2013 Biomassehandel","description":"Holzpellets &amp; Briketts direkt vom Hersteller \u2013 nachhaltig, zertifiziert, zuverl\u00e4ssigcenta\u2705Brykiet torfowy","publisher":{"@id":"https:\/\/www.barcogroup.eu\/#organization"},"potentialAction":[{"@type":"SearchAction","target":{"@type":"EntryPoint","urlTemplate":"https:\/\/www.barcogroup.eu\/?s={search_term_string}"},"query-input":{"@type":"PropertyValueSpecification","valueRequired":true,"valueName":"search_term_string"}}],"inLanguage":"pl-PL"},{"@type":"Organization","@id":"https:\/\/www.barcogroup.eu\/#organization","name":"Barco Group \u2013 Biomassehandel","url":"https:\/\/www.barcogroup.eu\/","logo":{"@type":"ImageObject","inLanguage":"pl-PL","@id":"https:\/\/www.barcogroup.eu\/#\/schema\/logo\/image\/","url":"https:\/\/www.barcogroup.eu\/wp-content\/uploads\/2023\/02\/cropped-logobarco-znakgold.jpg","contentUrl":"https:\/\/www.barcogroup.eu\/wp-content\/uploads\/2023\/02\/cropped-logobarco-znakgold.jpg","width":977,"height":1030,"caption":"Barco Group \u2013 Biomassehandel"},"image":{"@id":"https:\/\/www.barcogroup.eu\/#\/schema\/logo\/image\/"}}]}},"_links":{"self":[{"href":"https:\/\/www.barcogroup.eu\/pl\/wp-json\/wp\/v2\/pages\/75","targetHints":{"allow":["GET"]}}],"collection":[{"href":"https:\/\/www.barcogroup.eu\/pl\/wp-json\/wp\/v2\/pages"}],"about":[{"href":"https:\/\/www.barcogroup.eu\/pl\/wp-json\/wp\/v2\/types\/page"}],"author":[{"embeddable":true,"href":"https:\/\/www.barcogroup.eu\/pl\/wp-json\/wp\/v2\/users\/1"}],"replies":[{"embeddable":true,"href":"https:\/\/www.barcogroup.eu\/pl\/wp-json\/wp\/v2\/comments?post=75"}],"version-history":[{"count":110,"href":"https:\/\/www.barcogroup.eu\/pl\/wp-json\/wp\/v2\/pages\/75\/revisions"}],"predecessor-version":[{"id":2901,"href":"https:\/\/www.barcogroup.eu\/pl\/wp-json\/wp\/v2\/pages\/75\/revisions\/2901"}],"wp:attachment":[{"href":"https:\/\/www.barcogroup.eu\/pl\/wp-json\/wp\/v2\/media?parent=75"}],"curies":[{"name":"wp","href":"https:\/\/api.w.org\/{rel}","templated":true}]}}