{"id":2619,"date":"2024-09-16T16:49:23","date_gmt":"2024-09-16T16:49:23","guid":{"rendered":"https:\/\/www.barcogroup.eu\/?post_type=product&#038;p=2619"},"modified":"2026-01-19T10:17:45","modified_gmt":"2026-01-19T10:17:45","slug":"holzpellet-a1-barco-optima","status":"publish","type":"product","link":"https:\/\/www.barcogroup.eu\/pl\/product\/holzpellet-a1-barco-optima\/","title":{"rendered":"Pellet drzewny A1 Optima"},"content":{"rendered":"<p><strong>Pellet drzewny Barco Optima <\/strong>s\u0105 wykonane z drewna iglastego. Wolne od zanieczyszcze\u0144 i wszelkich obcych substancji (bez spoiw chemicznych lub syntetycznych, pozosta\u0142o\u015bci kleju lub farby i bez odpad\u00f3w drewna\/drewna budowlanego).<\/p>\n<h3 data-start=\"370\" data-end=\"394\"><strong data-start=\"374\" data-end=\"394\">Dane techniczne<\/strong><\/h3>\n<ul data-start=\"396\" data-end=\"707\">\n<li data-start=\"396\" data-end=\"417\">\n<p data-start=\"398\" data-end=\"417\">\u015arednica: 6 mm<\/p>\n<\/li>\n<li data-start=\"418\" data-end=\"486\">\n<p data-start=\"420\" data-end=\"486\">Warto\u015b\u0107 opa\u0142owa: 17,5 MJ\/kg (5,1 kWh\/kg) - zgodnie z ENplus A1 (min. 16,5)<\/p>\n<\/li>\n<li data-start=\"487\" data-end=\"549\">\n<p data-start=\"489\" data-end=\"549\">Wilgotno\u015b\u0107: maks. 9 % (ENplus A1 dopuszcza do 10 %)<\/p>\n<\/li>\n<li data-start=\"550\" data-end=\"635\">\n<p data-start=\"552\" data-end=\"635\">Zawarto\u015b\u0107 popio\u0142u: do 0,7 % (jako\u015b\u0107 pelletu 0,3-0,5 %, ENplus A1 dopuszcza do 0,7 %)<\/p>\n<\/li>\n<li data-start=\"636\" data-end=\"707\">\n<p data-start=\"638\" data-end=\"707\">Wytrzyma\u0142o\u015b\u0107 mechaniczna: 99,7 % (stopie\u0144 twardo\u015bci, min. 98 % zgodnie z ENplus A1)<\/p>\n<\/li>\n<\/ul>\n<hr data-start=\"709\" data-end=\"712\" \/>\n<h3 data-start=\"714\" data-end=\"745\"><strong data-start=\"718\" data-end=\"745\">Mo\u017cliwe zastosowania<\/strong><\/h3>\n<ul data-start=\"747\" data-end=\"885\">\n<li data-start=\"747\" data-end=\"767\">\n<p data-start=\"749\" data-end=\"767\">Kocio\u0142 na pelet drzewny<\/p>\n<\/li>\n<li data-start=\"768\" data-end=\"783\">\n<p data-start=\"770\" data-end=\"783\">Komin na pellet<\/p>\n<\/li>\n<li data-start=\"784\" data-end=\"806\">\n<p data-start=\"786\" data-end=\"806\">Kocio\u0142 retortowy<\/p>\n<\/li>\n<li data-start=\"807\" data-end=\"846\">\n<p data-start=\"809\" data-end=\"846\">Mo\u017ce by\u0107 mieszany z Ekogroszkiem<\/p>\n<\/li>\n<li data-start=\"847\" data-end=\"885\">\n<p data-start=\"849\" data-end=\"885\">Nadaje si\u0119 r\u00f3wnie\u017c jako \u015bci\u00f3\u0142ka dla zwierz\u0105t<\/p>\n<\/li>\n<\/ul>\n<hr data-start=\"887\" data-end=\"890\" \/>\n<p data-start=\"892\" data-end=\"930\"><strong data-start=\"892\" data-end=\"930\">Paleta: 975 kg (65 work\u00f3w po 15 kg)<\/strong><\/p>\n<p>&nbsp;<\/p>","protected":false},"excerpt":{"rendered":"<ul>\n<li data-start=\"396\" data-end=\"417\">\n<p data-start=\"398\" data-end=\"417\">\u015arednica: 6 mm<\/p>\n<\/li>\n<li data-start=\"418\" data-end=\"486\">\n<p data-start=\"420\" data-end=\"486\">Warto\u015b\u0107 opa\u0142owa: 17,5 MJ\/kg (5,1 kWh\/kg) - zgodnie z ENplus A1 (min. 16,5)<\/p>\n<\/li>\n<li data-start=\"487\" data-end=\"549\">\n<p data-start=\"489\" data-end=\"549\">Wilgotno\u015b\u0107: maks. 9 % (ENplus A1 dopuszcza do 10 %)<\/p>\n<\/li>\n<li data-start=\"550\" data-end=\"635\">\n<p data-start=\"552\" data-end=\"635\">Zawarto\u015b\u0107 popio\u0142u: do 0,7 % (jako\u015b\u0107 pelletu 0,3-0,5 %, ENplus A1 dopuszcza do 0,7 %)<\/p>\n<\/li>\n<li data-start=\"636\" data-end=\"707\">\n<p data-start=\"638\" data-end=\"707\">Wytrzyma\u0142o\u015b\u0107 mechaniczna: 99,7 % (stopie\u0144 twardo\u015bci, min. 98 % zgodnie z ENplus A1)<\/p>\n<\/li>\n<\/ul>\n<p><strong data-start=\"892\" data-end=\"930\">Paleta: 975 kg (65 work\u00f3w po 15 kg)<\/strong><\/p>","protected":false},"featured_media":2618,"comment_status":"open","ping_status":"closed","template":"","meta":[],"product_brand":[],"product_cat":[24],"product_tag":[27],"class_list":{"0":"post-2619","1":"product","2":"type-product","3":"status-publish","4":"has-post-thumbnail","6":"product_cat-pellet-drzewny","7":"product_tag-pellet","9":"first","10":"instock","11":"taxable","12":"shipping-taxable","13":"product-type-simple"},"yoast_head":"<!-- This site is optimized with the Yoast SEO Premium plugin v19.6 (Yoast SEO v25.1) - https:\/\/yoast.com\/wordpress\/plugins\/seo\/ -->\n<title>Holzpellet A1 Optima - Barco Group \u2013 Biomassehandel<\/title>\n<meta name=\"description\" content=\"Holzpellet A1 Barco Optima 975 kg \u2013 hergestellt aus Nadelholz. Durchmesser 6\u202fmm, Heizwert 17,5\u202fMJ\/kg, Feuchtigkeit bis 9\u202f%, Aschegehalt bis 0,7\u202f%. Ohne Verunreinigungen.\" \/>\n<meta name=\"robots\" content=\"noindex, follow, max-snippet:-1, max-image-preview:large, max-video-preview:-1\" \/>\n<meta property=\"og:locale\" content=\"pl_PL\" \/>\n<meta property=\"og:type\" content=\"article\" \/>\n<meta property=\"og:title\" content=\"Holzpellet A1 Optima\" \/>\n<meta property=\"og:description\" content=\"Holzpellet A1 Barco Optima 975 kg \u2013 hergestellt aus Nadelholz. Durchmesser 6\u202fmm, Heizwert 17,5\u202fMJ\/kg, Feuchtigkeit bis 9\u202f%, Aschegehalt bis 0,7\u202f%. Ohne Verunreinigungen.\" \/>\n<meta property=\"og:url\" content=\"https:\/\/www.barcogroup.eu\/pl\/product\/holzpellet-a1-barco-optima\/\" \/>\n<meta property=\"og:site_name\" content=\"Barco Group \u2013 Biomassehandel\" \/>\n<meta property=\"article:modified_time\" content=\"2026-01-19T10:17:45+00:00\" \/>\n<meta property=\"og:image\" content=\"http:\/\/www.barcogroup.eu\/wp-content\/uploads\/2024\/09\/dsc_0959_1-scaled.jpg\" \/>\n\t<meta property=\"og:image:width\" content=\"721\" \/>\n\t<meta property=\"og:image:height\" content=\"1080\" \/>\n\t<meta property=\"og:image:type\" content=\"image\/jpeg\" \/>\n<meta name=\"twitter:card\" content=\"summary_large_image\" \/>\n<meta name=\"twitter:label1\" content=\"Szacowany czas czytania\" \/>\n\t<meta name=\"twitter:data1\" content=\"1 minuta\" \/>\n<script type=\"application\/ld+json\" class=\"yoast-schema-graph\">{\"@context\":\"https:\/\/schema.org\",\"@graph\":[{\"@type\":\"WebPage\",\"@id\":\"https:\/\/www.barcogroup.eu\/product\/holzpellet-a1-barco-optima\/\",\"url\":\"https:\/\/www.barcogroup.eu\/product\/holzpellet-a1-barco-optima\/\",\"name\":\"Holzpellet A1 Optima - Barco Group \u2013 Biomassehandel\",\"isPartOf\":{\"@id\":\"https:\/\/www.barcogroup.eu\/#website\"},\"primaryImageOfPage\":{\"@id\":\"https:\/\/www.barcogroup.eu\/product\/holzpellet-a1-barco-optima\/#primaryimage\"},\"image\":{\"@id\":\"https:\/\/www.barcogroup.eu\/product\/holzpellet-a1-barco-optima\/#primaryimage\"},\"thumbnailUrl\":\"https:\/\/www.barcogroup.eu\/wp-content\/uploads\/2024\/09\/dsc_0959_1-scaled.jpg\",\"datePublished\":\"2024-09-16T16:49:23+00:00\",\"dateModified\":\"2026-01-19T10:17:45+00:00\",\"description\":\"Holzpellet A1 Barco Optima 975 kg \u2013 hergestellt aus Nadelholz. Durchmesser 6\u202fmm, Heizwert 17,5\u202fMJ\/kg, Feuchtigkeit bis 9\u202f%, Aschegehalt bis 0,7\u202f%. Ohne Verunreinigungen.\",\"breadcrumb\":{\"@id\":\"https:\/\/www.barcogroup.eu\/product\/holzpellet-a1-barco-optima\/#breadcrumb\"},\"inLanguage\":\"pl-PL\",\"potentialAction\":[{\"@type\":\"ReadAction\",\"target\":[\"https:\/\/www.barcogroup.eu\/product\/holzpellet-a1-barco-optima\/\"]}]},{\"@type\":\"ImageObject\",\"inLanguage\":\"pl-PL\",\"@id\":\"https:\/\/www.barcogroup.eu\/product\/holzpellet-a1-barco-optima\/#primaryimage\",\"url\":\"https:\/\/www.barcogroup.eu\/wp-content\/uploads\/2024\/09\/dsc_0959_1-scaled.jpg\",\"contentUrl\":\"https:\/\/www.barcogroup.eu\/wp-content\/uploads\/2024\/09\/dsc_0959_1-scaled.jpg\",\"width\":721,\"height\":1080,\"caption\":\"Pellet drzewny Narco Optima\"},{\"@type\":\"BreadcrumbList\",\"@id\":\"https:\/\/www.barcogroup.eu\/product\/holzpellet-a1-barco-optima\/#breadcrumb\",\"itemListElement\":[{\"@type\":\"ListItem\",\"position\":1,\"name\":\"Home\",\"item\":\"https:\/\/www.barcogroup.eu\/\"},{\"@type\":\"ListItem\",\"position\":2,\"name\":\"Holzpellet A1 Optima\"}]},{\"@type\":\"WebSite\",\"@id\":\"https:\/\/www.barcogroup.eu\/#website\",\"url\":\"https:\/\/www.barcogroup.eu\/\",\"name\":\"Barco Group \u2013 Biomassehandel\",\"description\":\"Holzpellets &amp; Briketts direkt vom Hersteller \u2013 nachhaltig, zertifiziert, zuverl\u00e4ssigcenta\u2705Brykiet torfowy\",\"publisher\":{\"@id\":\"https:\/\/www.barcogroup.eu\/#organization\"},\"potentialAction\":[{\"@type\":\"SearchAction\",\"target\":{\"@type\":\"EntryPoint\",\"urlTemplate\":\"https:\/\/www.barcogroup.eu\/?s={search_term_string}\"},\"query-input\":{\"@type\":\"PropertyValueSpecification\",\"valueRequired\":true,\"valueName\":\"search_term_string\"}}],\"inLanguage\":\"pl-PL\"},{\"@type\":\"Organization\",\"@id\":\"https:\/\/www.barcogroup.eu\/#organization\",\"name\":\"Barco Group \u2013 Biomassehandel\",\"url\":\"https:\/\/www.barcogroup.eu\/\",\"logo\":{\"@type\":\"ImageObject\",\"inLanguage\":\"pl-PL\",\"@id\":\"https:\/\/www.barcogroup.eu\/#\/schema\/logo\/image\/\",\"url\":\"https:\/\/www.barcogroup.eu\/wp-content\/uploads\/2023\/02\/cropped-logobarco-znakgold.jpg\",\"contentUrl\":\"https:\/\/www.barcogroup.eu\/wp-content\/uploads\/2023\/02\/cropped-logobarco-znakgold.jpg\",\"width\":977,\"height\":1030,\"caption\":\"Barco Group \u2013 Biomassehandel\"},\"image\":{\"@id\":\"https:\/\/www.barcogroup.eu\/#\/schema\/logo\/image\/\"}}]}<\/script>\n<!-- \/ Yoast SEO Premium plugin. -->","yoast_head_json":{"title":"Holzpellet A1 Optima - Barco Group \u2013 Biomassehandel","description":"Holzpellet A1 Barco Optima 975 kg \u2013 hergestellt aus Nadelholz. Durchmesser 6\u202fmm, Heizwert 17,5\u202fMJ\/kg, Feuchtigkeit bis 9\u202f%, Aschegehalt bis 0,7\u202f%. Ohne Verunreinigungen.","robots":{"index":"noindex","follow":"follow","max-snippet":"max-snippet:-1","max-image-preview":"max-image-preview:large","max-video-preview":"max-video-preview:-1"},"og_locale":"pl_PL","og_type":"article","og_title":"Holzpellet A1 Optima","og_description":"Holzpellet A1 Barco Optima 975 kg \u2013 hergestellt aus Nadelholz. Durchmesser 6\u202fmm, Heizwert 17,5\u202fMJ\/kg, Feuchtigkeit bis 9\u202f%, Aschegehalt bis 0,7\u202f%. Ohne Verunreinigungen.","og_url":"https:\/\/www.barcogroup.eu\/pl\/product\/holzpellet-a1-barco-optima\/","og_site_name":"Barco Group \u2013 Biomassehandel","article_modified_time":"2026-01-19T10:17:45+00:00","og_image":[{"width":721,"height":1080,"url":"http:\/\/www.barcogroup.eu\/wp-content\/uploads\/2024\/09\/dsc_0959_1-scaled.jpg","type":"image\/jpeg"}],"twitter_card":"summary_large_image","twitter_misc":{"Szacowany czas czytania":"1 minuta"},"schema":{"@context":"https:\/\/schema.org","@graph":[{"@type":"WebPage","@id":"https:\/\/www.barcogroup.eu\/product\/holzpellet-a1-barco-optima\/","url":"https:\/\/www.barcogroup.eu\/product\/holzpellet-a1-barco-optima\/","name":"Holzpellet A1 Optima - Barco Group \u2013 Biomassehandel","isPartOf":{"@id":"https:\/\/www.barcogroup.eu\/#website"},"primaryImageOfPage":{"@id":"https:\/\/www.barcogroup.eu\/product\/holzpellet-a1-barco-optima\/#primaryimage"},"image":{"@id":"https:\/\/www.barcogroup.eu\/product\/holzpellet-a1-barco-optima\/#primaryimage"},"thumbnailUrl":"https:\/\/www.barcogroup.eu\/wp-content\/uploads\/2024\/09\/dsc_0959_1-scaled.jpg","datePublished":"2024-09-16T16:49:23+00:00","dateModified":"2026-01-19T10:17:45+00:00","description":"Holzpellet A1 Barco Optima 975 kg \u2013 hergestellt aus Nadelholz. Durchmesser 6\u202fmm, Heizwert 17,5\u202fMJ\/kg, Feuchtigkeit bis 9\u202f%, Aschegehalt bis 0,7\u202f%. Ohne Verunreinigungen.","breadcrumb":{"@id":"https:\/\/www.barcogroup.eu\/product\/holzpellet-a1-barco-optima\/#breadcrumb"},"inLanguage":"pl-PL","potentialAction":[{"@type":"ReadAction","target":["https:\/\/www.barcogroup.eu\/product\/holzpellet-a1-barco-optima\/"]}]},{"@type":"ImageObject","inLanguage":"pl-PL","@id":"https:\/\/www.barcogroup.eu\/product\/holzpellet-a1-barco-optima\/#primaryimage","url":"https:\/\/www.barcogroup.eu\/wp-content\/uploads\/2024\/09\/dsc_0959_1-scaled.jpg","contentUrl":"https:\/\/www.barcogroup.eu\/wp-content\/uploads\/2024\/09\/dsc_0959_1-scaled.jpg","width":721,"height":1080,"caption":"Pellet drzewny Narco Optima"},{"@type":"BreadcrumbList","@id":"https:\/\/www.barcogroup.eu\/product\/holzpellet-a1-barco-optima\/#breadcrumb","itemListElement":[{"@type":"ListItem","position":1,"name":"Home","item":"https:\/\/www.barcogroup.eu\/"},{"@type":"ListItem","position":2,"name":"Holzpellet A1 Optima"}]},{"@type":"WebSite","@id":"https:\/\/www.barcogroup.eu\/#website","url":"https:\/\/www.barcogroup.eu\/","name":"Barco Group \u2013 Biomassehandel","description":"Holzpellets &amp; Briketts direkt vom Hersteller \u2013 nachhaltig, zertifiziert, zuverl\u00e4ssigcenta\u2705Brykiet torfowy","publisher":{"@id":"https:\/\/www.barcogroup.eu\/#organization"},"potentialAction":[{"@type":"SearchAction","target":{"@type":"EntryPoint","urlTemplate":"https:\/\/www.barcogroup.eu\/?s={search_term_string}"},"query-input":{"@type":"PropertyValueSpecification","valueRequired":true,"valueName":"search_term_string"}}],"inLanguage":"pl-PL"},{"@type":"Organization","@id":"https:\/\/www.barcogroup.eu\/#organization","name":"Barco Group \u2013 Biomassehandel","url":"https:\/\/www.barcogroup.eu\/","logo":{"@type":"ImageObject","inLanguage":"pl-PL","@id":"https:\/\/www.barcogroup.eu\/#\/schema\/logo\/image\/","url":"https:\/\/www.barcogroup.eu\/wp-content\/uploads\/2023\/02\/cropped-logobarco-znakgold.jpg","contentUrl":"https:\/\/www.barcogroup.eu\/wp-content\/uploads\/2023\/02\/cropped-logobarco-znakgold.jpg","width":977,"height":1030,"caption":"Barco Group \u2013 Biomassehandel"},"image":{"@id":"https:\/\/www.barcogroup.eu\/#\/schema\/logo\/image\/"}}]}},"_links":{"self":[{"href":"https:\/\/www.barcogroup.eu\/pl\/wp-json\/wp\/v2\/product\/2619","targetHints":{"allow":["GET"]}}],"collection":[{"href":"https:\/\/www.barcogroup.eu\/pl\/wp-json\/wp\/v2\/product"}],"about":[{"href":"https:\/\/www.barcogroup.eu\/pl\/wp-json\/wp\/v2\/types\/product"}],"replies":[{"embeddable":true,"href":"https:\/\/www.barcogroup.eu\/pl\/wp-json\/wp\/v2\/comments?post=2619"}],"wp:featuredmedia":[{"embeddable":true,"href":"https:\/\/www.barcogroup.eu\/pl\/wp-json\/wp\/v2\/media\/2618"}],"wp:attachment":[{"href":"https:\/\/www.barcogroup.eu\/pl\/wp-json\/wp\/v2\/media?parent=2619"}],"wp:term":[{"taxonomy":"product_brand","embeddable":true,"href":"https:\/\/www.barcogroup.eu\/pl\/wp-json\/wp\/v2\/product_brand?post=2619"},{"taxonomy":"product_cat","embeddable":true,"href":"https:\/\/www.barcogroup.eu\/pl\/wp-json\/wp\/v2\/product_cat?post=2619"},{"taxonomy":"product_tag","embeddable":true,"href":"https:\/\/www.barcogroup.eu\/pl\/wp-json\/wp\/v2\/product_tag?post=2619"}],"curies":[{"name":"wp","href":"https:\/\/api.w.org\/{rel}","templated":true}]}}