{"id":2620,"date":"2024-09-17T09:45:54","date_gmt":"2024-09-17T09:45:54","guid":{"rendered":"https:\/\/www.barcogroup.eu\/?post_type=product&#038;p=2620"},"modified":"2026-01-19T10:18:01","modified_gmt":"2026-01-19T10:18:01","slug":"holzpellet-a2-standard","status":"publish","type":"product","link":"https:\/\/www.barcogroup.eu\/pl\/product\/holzpellet-a2-standard\/","title":{"rendered":"Pelet drzewny A2 Standard"},"content":{"rendered":"<p><strong data-start=\"150\" data-end=\"176\">BARCO STANDARD Pellets<\/strong> - Wykonane z mi\u0119kkiego drewna. Nadaje si\u0119 do r\u00f3\u017cnych system\u00f3w grzewczych. Wolny od zanieczyszcze\u0144 i cia\u0142 obcych.<\/p>\n<h3 data-start=\"295\" data-end=\"319\"><strong data-start=\"299\" data-end=\"319\">Dane techniczne<\/strong><\/h3>\n<ul data-start=\"321\" data-end=\"608\">\n<li data-start=\"321\" data-end=\"342\">\n<p data-start=\"323\" data-end=\"342\">\u015arednica: 6 mm<\/p>\n<\/li>\n<li data-start=\"343\" data-end=\"411\">\n<p data-start=\"345\" data-end=\"411\">Warto\u015b\u0107 opa\u0142owa: 16,9 MJ\/kg (4,8 kWh\/kg) - zgodnie z ENplus A2 (min. 16,5)<\/p>\n<\/li>\n<li data-start=\"412\" data-end=\"474\">\n<p data-start=\"414\" data-end=\"474\">Wilgotno\u015b\u0107: maks. 9 % (ENplus A2 dopuszcza do 10 %)<\/p>\n<\/li>\n<li data-start=\"475\" data-end=\"534\">\n<p data-start=\"477\" data-end=\"534\">Zawarto\u015b\u0107 popio\u0142u: do 1,0 % (ENplus A2 dopuszcza do 1,2 %)<\/p>\n<\/li>\n<li data-start=\"535\" data-end=\"608\">\n<p data-start=\"537\" data-end=\"608\">Wytrzyma\u0142o\u015b\u0107 mechaniczna: 98,1 % (stopie\u0144 twardo\u015bci, min. 97,5 % zgodnie z ENplus A2)<\/p>\n<\/li>\n<\/ul>\n<hr data-start=\"610\" data-end=\"613\" \/>\n<h3 data-start=\"615\" data-end=\"646\"><strong data-start=\"619\" data-end=\"646\">Mo\u017cliwe zastosowania<\/strong><\/h3>\n<ul data-start=\"648\" data-end=\"772\">\n<li data-start=\"648\" data-end=\"668\">\n<p data-start=\"650\" data-end=\"668\">Kocio\u0142 na pelet drzewny<\/p>\n<\/li>\n<li data-start=\"669\" data-end=\"685\">\n<p data-start=\"671\" data-end=\"685\">Kominki na pellet<\/p>\n<\/li>\n<li data-start=\"686\" data-end=\"702\">\n<p data-start=\"688\" data-end=\"702\">Piece retortowe<\/p>\n<\/li>\n<li data-start=\"703\" data-end=\"742\">\n<p data-start=\"705\" data-end=\"742\">Mo\u017ce by\u0107 mieszany z Ekogroszkiem<\/p>\n<\/li>\n<li data-start=\"743\" data-end=\"772\">\n<p data-start=\"745\" data-end=\"772\">Nadaje si\u0119 r\u00f3wnie\u017c jako \u015bci\u00f3\u0142ka dla zwierz\u0105t<\/p>\n<\/li>\n<\/ul>\n<hr data-start=\"774\" data-end=\"777\" \/>\n<p data-start=\"779\" data-end=\"817\"><strong data-start=\"779\" data-end=\"817\">Paleta: 975 kg (65 work\u00f3w po 15 kg)<\/strong><\/p>\n<p>&nbsp;<\/p>","protected":false},"excerpt":{"rendered":"<ul>\n<li data-start=\"321\" data-end=\"342\">\n<p data-start=\"323\" data-end=\"342\">\u015arednica: 6 mm<\/p>\n<\/li>\n<li data-start=\"343\" data-end=\"411\">\n<p data-start=\"345\" data-end=\"411\">Warto\u015b\u0107 opa\u0142owa: 16,9 MJ\/kg (4,8 kWh\/kg) - zgodnie z ENplus A2 (min. 16,5)<\/p>\n<\/li>\n<li data-start=\"412\" data-end=\"474\">\n<p data-start=\"414\" data-end=\"474\">Wilgotno\u015b\u0107: maks. 9 % (ENplus A2 dopuszcza do 10 %)<\/p>\n<\/li>\n<li data-start=\"475\" data-end=\"534\">\n<p data-start=\"477\" data-end=\"534\">Zawarto\u015b\u0107 popio\u0142u: do 1,0 % (ENplus A2 dopuszcza do 1,2 %)<\/p>\n<\/li>\n<li data-start=\"535\" data-end=\"608\">\n<p data-start=\"537\" data-end=\"608\">Wytrzyma\u0142o\u015b\u0107 mechaniczna: 98,1 % (stopie\u0144 twardo\u015bci, min. 97,5 % zgodnie z ENplus A2)<\/p>\n<\/li>\n<\/ul>\n<h4><strong data-start=\"779\" data-end=\"817\">Paleta: 975 kg (65 work\u00f3w po 15 kg)<\/strong><\/h4>","protected":false},"featured_media":2857,"comment_status":"open","ping_status":"closed","template":"","meta":[],"product_brand":[],"product_cat":[24],"product_tag":[33,31,32],"class_list":{"0":"post-2620","1":"product","2":"type-product","3":"status-publish","4":"has-post-thumbnail","6":"product_cat-pellet-drzewny","7":"product_tag-pellet-a2","8":"product_tag-pellet-drzewny","9":"product_tag-pellet-sosnowy","11":"first","12":"instock","13":"taxable","14":"shipping-taxable","15":"product-type-simple"},"yoast_head":"<!-- This site is optimized with the Yoast SEO Premium plugin v19.6 (Yoast SEO v25.1) - https:\/\/yoast.com\/wordpress\/plugins\/seo\/ -->\n<title>Holzpellet A2 Standard - Barco Group \u2013 Biomassehandel<\/title>\n<meta name=\"description\" content=\"Holzpellet A2 Barco Standard 975 kg \u2013 Durchmesser 6\u202fmm, Heizwert 16,9\u202fMJ\/kg, Feuchtigkeit bis 9\u202f%, Aschegehalt 1\u202f%. Ideal f\u00fcr Heizanlagen und Tierstreu.\" \/>\n<meta name=\"robots\" content=\"noindex, follow, max-snippet:-1, max-image-preview:large, max-video-preview:-1\" \/>\n<meta property=\"og:locale\" content=\"pl_PL\" \/>\n<meta property=\"og:type\" content=\"article\" \/>\n<meta property=\"og:title\" content=\"Holzpellet A2 Standard\" \/>\n<meta property=\"og:description\" content=\"Holzpellet A2 Barco Standard 975 kg \u2013 Durchmesser 6\u202fmm, Heizwert 16,9\u202fMJ\/kg, Feuchtigkeit bis 9\u202f%, Aschegehalt 1\u202f%. Ideal f\u00fcr Heizanlagen und Tierstreu.\" \/>\n<meta property=\"og:url\" content=\"https:\/\/www.barcogroup.eu\/pl\/product\/holzpellet-a2-standard\/\" \/>\n<meta property=\"og:site_name\" content=\"Barco Group \u2013 Biomassehandel\" \/>\n<meta property=\"article:modified_time\" content=\"2026-01-19T10:18:01+00:00\" \/>\n<meta property=\"og:image\" content=\"http:\/\/www.barcogroup.eu\/wp-content\/uploads\/2024\/09\/image_671818252-1.jpg\" \/>\n\t<meta property=\"og:image:width\" content=\"810\" \/>\n\t<meta property=\"og:image:height\" content=\"1080\" \/>\n\t<meta property=\"og:image:type\" content=\"image\/jpeg\" \/>\n<meta name=\"twitter:card\" content=\"summary_large_image\" \/>\n<meta name=\"twitter:label1\" content=\"Szacowany czas czytania\" \/>\n\t<meta name=\"twitter:data1\" content=\"1 minuta\" \/>\n<script type=\"application\/ld+json\" class=\"yoast-schema-graph\">{\"@context\":\"https:\/\/schema.org\",\"@graph\":[{\"@type\":\"WebPage\",\"@id\":\"https:\/\/www.barcogroup.eu\/product\/holzpellet-a2-standard\/\",\"url\":\"https:\/\/www.barcogroup.eu\/product\/holzpellet-a2-standard\/\",\"name\":\"Holzpellet A2 Standard - Barco Group \u2013 Biomassehandel\",\"isPartOf\":{\"@id\":\"https:\/\/www.barcogroup.eu\/#website\"},\"primaryImageOfPage\":{\"@id\":\"https:\/\/www.barcogroup.eu\/product\/holzpellet-a2-standard\/#primaryimage\"},\"image\":{\"@id\":\"https:\/\/www.barcogroup.eu\/product\/holzpellet-a2-standard\/#primaryimage\"},\"thumbnailUrl\":\"https:\/\/www.barcogroup.eu\/wp-content\/uploads\/2024\/09\/image_671818252-1.jpg\",\"datePublished\":\"2024-09-17T09:45:54+00:00\",\"dateModified\":\"2026-01-19T10:18:01+00:00\",\"description\":\"Holzpellet A2 Barco Standard 975 kg \u2013 Durchmesser 6\u202fmm, Heizwert 16,9\u202fMJ\/kg, Feuchtigkeit bis 9\u202f%, Aschegehalt 1\u202f%. Ideal f\u00fcr Heizanlagen und Tierstreu.\",\"breadcrumb\":{\"@id\":\"https:\/\/www.barcogroup.eu\/product\/holzpellet-a2-standard\/#breadcrumb\"},\"inLanguage\":\"pl-PL\",\"potentialAction\":[{\"@type\":\"ReadAction\",\"target\":[\"https:\/\/www.barcogroup.eu\/product\/holzpellet-a2-standard\/\"]}]},{\"@type\":\"ImageObject\",\"inLanguage\":\"pl-PL\",\"@id\":\"https:\/\/www.barcogroup.eu\/product\/holzpellet-a2-standard\/#primaryimage\",\"url\":\"https:\/\/www.barcogroup.eu\/wp-content\/uploads\/2024\/09\/image_671818252-1.jpg\",\"contentUrl\":\"https:\/\/www.barcogroup.eu\/wp-content\/uploads\/2024\/09\/image_671818252-1.jpg\",\"width\":810,\"height\":1080,\"caption\":\"Pellet Standard\"},{\"@type\":\"BreadcrumbList\",\"@id\":\"https:\/\/www.barcogroup.eu\/product\/holzpellet-a2-standard\/#breadcrumb\",\"itemListElement\":[{\"@type\":\"ListItem\",\"position\":1,\"name\":\"Home\",\"item\":\"https:\/\/www.barcogroup.eu\/\"},{\"@type\":\"ListItem\",\"position\":2,\"name\":\"Holzpellet A2 Standard\"}]},{\"@type\":\"WebSite\",\"@id\":\"https:\/\/www.barcogroup.eu\/#website\",\"url\":\"https:\/\/www.barcogroup.eu\/\",\"name\":\"Barco Group \u2013 Biomassehandel\",\"description\":\"Holzpellets &amp; Briketts direkt vom Hersteller \u2013 nachhaltig, zertifiziert, zuverl\u00e4ssigcenta\u2705Brykiet torfowy\",\"publisher\":{\"@id\":\"https:\/\/www.barcogroup.eu\/#organization\"},\"potentialAction\":[{\"@type\":\"SearchAction\",\"target\":{\"@type\":\"EntryPoint\",\"urlTemplate\":\"https:\/\/www.barcogroup.eu\/?s={search_term_string}\"},\"query-input\":{\"@type\":\"PropertyValueSpecification\",\"valueRequired\":true,\"valueName\":\"search_term_string\"}}],\"inLanguage\":\"pl-PL\"},{\"@type\":\"Organization\",\"@id\":\"https:\/\/www.barcogroup.eu\/#organization\",\"name\":\"Barco Group \u2013 Biomassehandel\",\"url\":\"https:\/\/www.barcogroup.eu\/\",\"logo\":{\"@type\":\"ImageObject\",\"inLanguage\":\"pl-PL\",\"@id\":\"https:\/\/www.barcogroup.eu\/#\/schema\/logo\/image\/\",\"url\":\"https:\/\/www.barcogroup.eu\/wp-content\/uploads\/2023\/02\/cropped-logobarco-znakgold.jpg\",\"contentUrl\":\"https:\/\/www.barcogroup.eu\/wp-content\/uploads\/2023\/02\/cropped-logobarco-znakgold.jpg\",\"width\":977,\"height\":1030,\"caption\":\"Barco Group \u2013 Biomassehandel\"},\"image\":{\"@id\":\"https:\/\/www.barcogroup.eu\/#\/schema\/logo\/image\/\"}}]}<\/script>\n<!-- \/ Yoast SEO Premium plugin. -->","yoast_head_json":{"title":"Holzpellet A2 Standard - Barco Group \u2013 Biomassehandel","description":"Holzpellet A2 Barco Standard 975 kg \u2013 Durchmesser 6\u202fmm, Heizwert 16,9\u202fMJ\/kg, Feuchtigkeit bis 9\u202f%, Aschegehalt 1\u202f%. Ideal f\u00fcr Heizanlagen und Tierstreu.","robots":{"index":"noindex","follow":"follow","max-snippet":"max-snippet:-1","max-image-preview":"max-image-preview:large","max-video-preview":"max-video-preview:-1"},"og_locale":"pl_PL","og_type":"article","og_title":"Holzpellet A2 Standard","og_description":"Holzpellet A2 Barco Standard 975 kg \u2013 Durchmesser 6\u202fmm, Heizwert 16,9\u202fMJ\/kg, Feuchtigkeit bis 9\u202f%, Aschegehalt 1\u202f%. Ideal f\u00fcr Heizanlagen und Tierstreu.","og_url":"https:\/\/www.barcogroup.eu\/pl\/product\/holzpellet-a2-standard\/","og_site_name":"Barco Group \u2013 Biomassehandel","article_modified_time":"2026-01-19T10:18:01+00:00","og_image":[{"width":810,"height":1080,"url":"http:\/\/www.barcogroup.eu\/wp-content\/uploads\/2024\/09\/image_671818252-1.jpg","type":"image\/jpeg"}],"twitter_card":"summary_large_image","twitter_misc":{"Szacowany czas czytania":"1 minuta"},"schema":{"@context":"https:\/\/schema.org","@graph":[{"@type":"WebPage","@id":"https:\/\/www.barcogroup.eu\/product\/holzpellet-a2-standard\/","url":"https:\/\/www.barcogroup.eu\/product\/holzpellet-a2-standard\/","name":"Holzpellet A2 Standard - Barco Group \u2013 Biomassehandel","isPartOf":{"@id":"https:\/\/www.barcogroup.eu\/#website"},"primaryImageOfPage":{"@id":"https:\/\/www.barcogroup.eu\/product\/holzpellet-a2-standard\/#primaryimage"},"image":{"@id":"https:\/\/www.barcogroup.eu\/product\/holzpellet-a2-standard\/#primaryimage"},"thumbnailUrl":"https:\/\/www.barcogroup.eu\/wp-content\/uploads\/2024\/09\/image_671818252-1.jpg","datePublished":"2024-09-17T09:45:54+00:00","dateModified":"2026-01-19T10:18:01+00:00","description":"Holzpellet A2 Barco Standard 975 kg \u2013 Durchmesser 6\u202fmm, Heizwert 16,9\u202fMJ\/kg, Feuchtigkeit bis 9\u202f%, Aschegehalt 1\u202f%. Ideal f\u00fcr Heizanlagen und Tierstreu.","breadcrumb":{"@id":"https:\/\/www.barcogroup.eu\/product\/holzpellet-a2-standard\/#breadcrumb"},"inLanguage":"pl-PL","potentialAction":[{"@type":"ReadAction","target":["https:\/\/www.barcogroup.eu\/product\/holzpellet-a2-standard\/"]}]},{"@type":"ImageObject","inLanguage":"pl-PL","@id":"https:\/\/www.barcogroup.eu\/product\/holzpellet-a2-standard\/#primaryimage","url":"https:\/\/www.barcogroup.eu\/wp-content\/uploads\/2024\/09\/image_671818252-1.jpg","contentUrl":"https:\/\/www.barcogroup.eu\/wp-content\/uploads\/2024\/09\/image_671818252-1.jpg","width":810,"height":1080,"caption":"Pellet Standard"},{"@type":"BreadcrumbList","@id":"https:\/\/www.barcogroup.eu\/product\/holzpellet-a2-standard\/#breadcrumb","itemListElement":[{"@type":"ListItem","position":1,"name":"Home","item":"https:\/\/www.barcogroup.eu\/"},{"@type":"ListItem","position":2,"name":"Holzpellet A2 Standard"}]},{"@type":"WebSite","@id":"https:\/\/www.barcogroup.eu\/#website","url":"https:\/\/www.barcogroup.eu\/","name":"Barco Group \u2013 Biomassehandel","description":"Holzpellets &amp; Briketts direkt vom Hersteller \u2013 nachhaltig, zertifiziert, zuverl\u00e4ssigcenta\u2705Brykiet torfowy","publisher":{"@id":"https:\/\/www.barcogroup.eu\/#organization"},"potentialAction":[{"@type":"SearchAction","target":{"@type":"EntryPoint","urlTemplate":"https:\/\/www.barcogroup.eu\/?s={search_term_string}"},"query-input":{"@type":"PropertyValueSpecification","valueRequired":true,"valueName":"search_term_string"}}],"inLanguage":"pl-PL"},{"@type":"Organization","@id":"https:\/\/www.barcogroup.eu\/#organization","name":"Barco Group \u2013 Biomassehandel","url":"https:\/\/www.barcogroup.eu\/","logo":{"@type":"ImageObject","inLanguage":"pl-PL","@id":"https:\/\/www.barcogroup.eu\/#\/schema\/logo\/image\/","url":"https:\/\/www.barcogroup.eu\/wp-content\/uploads\/2023\/02\/cropped-logobarco-znakgold.jpg","contentUrl":"https:\/\/www.barcogroup.eu\/wp-content\/uploads\/2023\/02\/cropped-logobarco-znakgold.jpg","width":977,"height":1030,"caption":"Barco Group \u2013 Biomassehandel"},"image":{"@id":"https:\/\/www.barcogroup.eu\/#\/schema\/logo\/image\/"}}]}},"_links":{"self":[{"href":"https:\/\/www.barcogroup.eu\/pl\/wp-json\/wp\/v2\/product\/2620","targetHints":{"allow":["GET"]}}],"collection":[{"href":"https:\/\/www.barcogroup.eu\/pl\/wp-json\/wp\/v2\/product"}],"about":[{"href":"https:\/\/www.barcogroup.eu\/pl\/wp-json\/wp\/v2\/types\/product"}],"replies":[{"embeddable":true,"href":"https:\/\/www.barcogroup.eu\/pl\/wp-json\/wp\/v2\/comments?post=2620"}],"wp:featuredmedia":[{"embeddable":true,"href":"https:\/\/www.barcogroup.eu\/pl\/wp-json\/wp\/v2\/media\/2857"}],"wp:attachment":[{"href":"https:\/\/www.barcogroup.eu\/pl\/wp-json\/wp\/v2\/media?parent=2620"}],"wp:term":[{"taxonomy":"product_brand","embeddable":true,"href":"https:\/\/www.barcogroup.eu\/pl\/wp-json\/wp\/v2\/product_brand?post=2620"},{"taxonomy":"product_cat","embeddable":true,"href":"https:\/\/www.barcogroup.eu\/pl\/wp-json\/wp\/v2\/product_cat?post=2620"},{"taxonomy":"product_tag","embeddable":true,"href":"https:\/\/www.barcogroup.eu\/pl\/wp-json\/wp\/v2\/product_tag?post=2620"}],"curies":[{"name":"wp","href":"https:\/\/api.w.org\/{rel}","templated":true}]}}