{"id":2710,"date":"2024-09-17T11:16:45","date_gmt":"2024-09-17T11:16:45","guid":{"rendered":"https:\/\/www.barcogroup.eu\/?post_type=product&#038;p=2710"},"modified":"2026-01-19T10:18:18","modified_gmt":"2026-01-19T10:18:18","slug":"torfbriketts","status":"publish","type":"product","link":"https:\/\/www.barcogroup.eu\/pl\/product\/torfbriketts\/","title":{"rendered":"Brykiety torfowe"},"content":{"rendered":"<div class=\"mpof_ki myre_zn myre_8v_l m389_6m_l\">\n<div class=\"mp4t_16_s mryx_16_s mr3m_1 mli2_1 mh85_56 mh85_0_l\">\n<div class=\"mgn2_16 _0d3bd_am0a-\">\n<p><strong data-start=\"171\" data-end=\"187\">Brykiety torfowe<\/strong> s\u0105 ekologicznym paliwem 100 % - idealn\u0105 alternatyw\u0105 dla w\u0119gla i drewna. Prasowane pod wysokim ci\u015bnieniem, s\u0105 znacznie g\u0119stsze od drewna, nie ulegaj\u0105 rozk\u0142adowi i oferuj\u0105 moc grzewcz\u0105 por\u00f3wnywaln\u0105 z w\u0119glem. Podczas spalania nie powoduj\u0105 korozji ani osad\u00f3w w przewodach kominowych.<\/p>\n<h3 data-start=\"500\" data-end=\"530\"><strong data-start=\"504\" data-end=\"530\">Specyfikacja produktu<\/strong><\/h3>\n<ul data-start=\"532\" data-end=\"865\">\n<li data-start=\"532\" data-end=\"592\">\n<p data-start=\"534\" data-end=\"592\">Czas palenia: do 12 godzin - niezawodne \u017ar\u00f3d\u0142o ciep\u0142a<\/p>\n<\/li>\n<li data-start=\"593\" data-end=\"677\">\n<p data-start=\"595\" data-end=\"677\">Warto\u015b\u0107 opa\u0142owa: ok. 19 MJ\/kg - ok. 85 % warto\u015bci opa\u0142owej w\u0119gla, wysoka wydajno\u015b\u0107 energetyczna<\/p>\n<\/li>\n<li data-start=\"678\" data-end=\"771\">\n<p data-start=\"680\" data-end=\"771\">Zawarto\u015b\u0107 wilgoci: 12 % - umo\u017cliwia efektywne spalanie bez nadmiernego dymienia<\/p>\n<\/li>\n<li data-start=\"772\" data-end=\"841\">\n<p data-start=\"774\" data-end=\"841\">Zawarto\u015b\u0107 popio\u0142u: 9 % - niewielka ilo\u015b\u0107 popio\u0142u zmniejsza wysi\u0142ek zwi\u0105zany z czyszczeniem<\/p>\n<\/li>\n<li data-start=\"842\" data-end=\"865\">\n<p data-start=\"844\" data-end=\"865\">Zawarto\u015b\u0107 siarki: 0,2 %<\/p>\n<\/li>\n<\/ul>\n<hr data-start=\"867\" data-end=\"870\" \/>\n<h3 data-start=\"872\" data-end=\"905\"><strong data-start=\"876\" data-end=\"905\">Zalety brykiet\u00f3w torfowych<\/strong><\/h3>\n<ul data-start=\"907\" data-end=\"1304\">\n<li data-start=\"907\" data-end=\"1004\">\n<p data-start=\"909\" data-end=\"1004\"><strong data-start=\"909\" data-end=\"939\">Ekologiczny materia\u0142 grzewczy:<\/strong> Naturalne i zr\u00f3wnowa\u017cone - idealne do ogrzewania przyjaznego dla \u015brodowiska<\/p>\n<\/li>\n<li data-start=\"1005\" data-end=\"1097\">\n<p data-start=\"1007\" data-end=\"1097\"><strong data-start=\"1007\" data-end=\"1032\">Wysoka wydajno\u015b\u0107 energetyczna:<\/strong> R\u00f3wnomierne i d\u0142ugotrwa\u0142e ciep\u0142o dzi\u0119ki wysokiej g\u0119sto\u015bci energii<\/p>\n<\/li>\n<li data-start=\"1098\" data-end=\"1194\">\n<p data-start=\"1100\" data-end=\"1194\"><strong data-start=\"1100\" data-end=\"1124\">Czyste spalanie:<\/strong> Zminimalizowane emisje - lepsza jako\u015b\u0107 powietrza i mniej osad\u00f3w<\/p>\n<\/li>\n<li data-start=\"1195\" data-end=\"1304\">\n<p data-start=\"1197\" data-end=\"1304\"><strong data-start=\"1197\" data-end=\"1221\">\u0141atwa obs\u0142uga:<\/strong> Brykiety s\u0105 stabilne wymiarowo, \u0142atwe do przechowywania i proste do umieszczenia w piecu lub kominku.<\/p>\n<\/li>\n<\/ul>\n<\/div>\n<\/div>\n<\/div>","protected":false},"excerpt":{"rendered":"<ul>\n<li>Czas spalania: do 12 godzin, co zapewnia d\u0142ugotrwa\u0142e \u017ar\u00f3d\u0142o ciep\u0142a<\/li>\n<li>Kaloryczno\u015b\u0107: oko\u0142o 19 MJ\/kg, co odpowiada oko\u0142o 85% warto\u015bci opa\u0142owej w\u0119gla, gwarantuj\u0105c wysok\u0105 efektywno\u015b\u0107 energetyczn\u0105<\/li>\n<li>Wilgotno\u015b\u0107: 12%, co pozwala na efektywne spalanie bez nadmiernego dymienia<\/li>\n<li>Popi\u00f3\u0142: 9%, niska zawarto\u015b\u0107 popio\u0142u minimalizuje konieczno\u015b\u0107 cz\u0119stego czyszczenia pieca<\/li>\n<li>Zawarto\u015b\u0107 siarki: 0,2%<\/li>\n<\/ul>\n<p><strong>Paleta 960 kg.<\/strong><\/p>","protected":false},"featured_media":2791,"comment_status":"open","ping_status":"closed","template":"","meta":[],"product_brand":[],"product_cat":[25],"product_tag":[37],"class_list":{"0":"post-2710","1":"product","2":"type-product","3":"status-publish","4":"has-post-thumbnail","6":"product_cat-brykiet","7":"product_tag-brykiet-torfowy","9":"first","10":"instock","11":"taxable","12":"shipping-taxable","13":"product-type-simple"},"yoast_head":"<!-- This site is optimized with the Yoast SEO Premium plugin v19.6 (Yoast SEO v25.1) - https:\/\/yoast.com\/wordpress\/plugins\/seo\/ -->\n<title>Torfbriketts - Barco Group \u2013 Biomassehandel<\/title>\n<meta name=\"description\" content=\"Torfbriketts \u2013 \u00f6kologischer Brennstoff, Heizwert ca. 19\u202fMJ\/kg, Brenndauer bis zu 12\u202fh, geringe Emissionen und einfache Handhabung.\" \/>\n<meta name=\"robots\" content=\"noindex, follow, max-snippet:-1, max-image-preview:large, max-video-preview:-1\" \/>\n<meta property=\"og:locale\" content=\"pl_PL\" \/>\n<meta property=\"og:type\" content=\"article\" \/>\n<meta property=\"og:title\" content=\"Torfbriketts\" \/>\n<meta property=\"og:description\" content=\"Torfbriketts \u2013 \u00f6kologischer Brennstoff, Heizwert ca. 19\u202fMJ\/kg, Brenndauer bis zu 12\u202fh, geringe Emissionen und einfache Handhabung.\" \/>\n<meta property=\"og:url\" content=\"https:\/\/www.barcogroup.eu\/pl\/product\/torfbriketts\/\" \/>\n<meta property=\"og:site_name\" content=\"Barco Group \u2013 Biomassehandel\" \/>\n<meta property=\"article:modified_time\" content=\"2026-01-19T10:18:18+00:00\" \/>\n<meta property=\"og:image\" content=\"http:\/\/www.barcogroup.eu\/wp-content\/uploads\/2024\/09\/65b4a941-a52c-41f7-8aa7-f502c504de92.png\" \/>\n\t<meta property=\"og:image:width\" content=\"969\" \/>\n\t<meta property=\"og:image:height\" content=\"1080\" \/>\n\t<meta property=\"og:image:type\" content=\"image\/png\" \/>\n<meta name=\"twitter:card\" content=\"summary_large_image\" \/>\n<meta name=\"twitter:label1\" content=\"Szacowany czas czytania\" \/>\n\t<meta name=\"twitter:data1\" content=\"1 minuta\" \/>\n<script type=\"application\/ld+json\" class=\"yoast-schema-graph\">{\"@context\":\"https:\/\/schema.org\",\"@graph\":[{\"@type\":\"WebPage\",\"@id\":\"https:\/\/www.barcogroup.eu\/product\/torfbriketts\/\",\"url\":\"https:\/\/www.barcogroup.eu\/product\/torfbriketts\/\",\"name\":\"Torfbriketts - Barco Group \u2013 Biomassehandel\",\"isPartOf\":{\"@id\":\"https:\/\/www.barcogroup.eu\/#website\"},\"primaryImageOfPage\":{\"@id\":\"https:\/\/www.barcogroup.eu\/product\/torfbriketts\/#primaryimage\"},\"image\":{\"@id\":\"https:\/\/www.barcogroup.eu\/product\/torfbriketts\/#primaryimage\"},\"thumbnailUrl\":\"https:\/\/www.barcogroup.eu\/wp-content\/uploads\/2024\/09\/65b4a941-a52c-41f7-8aa7-f502c504de92.png\",\"datePublished\":\"2024-09-17T11:16:45+00:00\",\"dateModified\":\"2026-01-19T10:18:18+00:00\",\"description\":\"Torfbriketts \u2013 \u00f6kologischer Brennstoff, Heizwert ca. 19\u202fMJ\/kg, Brenndauer bis zu 12\u202fh, geringe Emissionen und einfache Handhabung.\",\"breadcrumb\":{\"@id\":\"https:\/\/www.barcogroup.eu\/product\/torfbriketts\/#breadcrumb\"},\"inLanguage\":\"pl-PL\",\"potentialAction\":[{\"@type\":\"ReadAction\",\"target\":[\"https:\/\/www.barcogroup.eu\/product\/torfbriketts\/\"]}]},{\"@type\":\"ImageObject\",\"inLanguage\":\"pl-PL\",\"@id\":\"https:\/\/www.barcogroup.eu\/product\/torfbriketts\/#primaryimage\",\"url\":\"https:\/\/www.barcogroup.eu\/wp-content\/uploads\/2024\/09\/65b4a941-a52c-41f7-8aa7-f502c504de92.png\",\"contentUrl\":\"https:\/\/www.barcogroup.eu\/wp-content\/uploads\/2024\/09\/65b4a941-a52c-41f7-8aa7-f502c504de92.png\",\"width\":969,\"height\":1080},{\"@type\":\"BreadcrumbList\",\"@id\":\"https:\/\/www.barcogroup.eu\/product\/torfbriketts\/#breadcrumb\",\"itemListElement\":[{\"@type\":\"ListItem\",\"position\":1,\"name\":\"Home\",\"item\":\"https:\/\/www.barcogroup.eu\/\"},{\"@type\":\"ListItem\",\"position\":2,\"name\":\"Torfbriketts\"}]},{\"@type\":\"WebSite\",\"@id\":\"https:\/\/www.barcogroup.eu\/#website\",\"url\":\"https:\/\/www.barcogroup.eu\/\",\"name\":\"Barco Group \u2013 Biomassehandel\",\"description\":\"Holzpellets &amp; Briketts direkt vom Hersteller \u2013 nachhaltig, zertifiziert, zuverl\u00e4ssigcenta\u2705Brykiet torfowy\",\"publisher\":{\"@id\":\"https:\/\/www.barcogroup.eu\/#organization\"},\"potentialAction\":[{\"@type\":\"SearchAction\",\"target\":{\"@type\":\"EntryPoint\",\"urlTemplate\":\"https:\/\/www.barcogroup.eu\/?s={search_term_string}\"},\"query-input\":{\"@type\":\"PropertyValueSpecification\",\"valueRequired\":true,\"valueName\":\"search_term_string\"}}],\"inLanguage\":\"pl-PL\"},{\"@type\":\"Organization\",\"@id\":\"https:\/\/www.barcogroup.eu\/#organization\",\"name\":\"Barco Group \u2013 Biomassehandel\",\"url\":\"https:\/\/www.barcogroup.eu\/\",\"logo\":{\"@type\":\"ImageObject\",\"inLanguage\":\"pl-PL\",\"@id\":\"https:\/\/www.barcogroup.eu\/#\/schema\/logo\/image\/\",\"url\":\"https:\/\/www.barcogroup.eu\/wp-content\/uploads\/2023\/02\/cropped-logobarco-znakgold.jpg\",\"contentUrl\":\"https:\/\/www.barcogroup.eu\/wp-content\/uploads\/2023\/02\/cropped-logobarco-znakgold.jpg\",\"width\":977,\"height\":1030,\"caption\":\"Barco Group \u2013 Biomassehandel\"},\"image\":{\"@id\":\"https:\/\/www.barcogroup.eu\/#\/schema\/logo\/image\/\"}}]}<\/script>\n<!-- \/ Yoast SEO Premium plugin. -->","yoast_head_json":{"title":"Torfbriketts - Barco Group \u2013 Biomassehandel","description":"Torfbriketts \u2013 \u00f6kologischer Brennstoff, Heizwert ca. 19\u202fMJ\/kg, Brenndauer bis zu 12\u202fh, geringe Emissionen und einfache Handhabung.","robots":{"index":"noindex","follow":"follow","max-snippet":"max-snippet:-1","max-image-preview":"max-image-preview:large","max-video-preview":"max-video-preview:-1"},"og_locale":"pl_PL","og_type":"article","og_title":"Torfbriketts","og_description":"Torfbriketts \u2013 \u00f6kologischer Brennstoff, Heizwert ca. 19\u202fMJ\/kg, Brenndauer bis zu 12\u202fh, geringe Emissionen und einfache Handhabung.","og_url":"https:\/\/www.barcogroup.eu\/pl\/product\/torfbriketts\/","og_site_name":"Barco Group \u2013 Biomassehandel","article_modified_time":"2026-01-19T10:18:18+00:00","og_image":[{"width":969,"height":1080,"url":"http:\/\/www.barcogroup.eu\/wp-content\/uploads\/2024\/09\/65b4a941-a52c-41f7-8aa7-f502c504de92.png","type":"image\/png"}],"twitter_card":"summary_large_image","twitter_misc":{"Szacowany czas czytania":"1 minuta"},"schema":{"@context":"https:\/\/schema.org","@graph":[{"@type":"WebPage","@id":"https:\/\/www.barcogroup.eu\/product\/torfbriketts\/","url":"https:\/\/www.barcogroup.eu\/product\/torfbriketts\/","name":"Torfbriketts - Barco Group \u2013 Biomassehandel","isPartOf":{"@id":"https:\/\/www.barcogroup.eu\/#website"},"primaryImageOfPage":{"@id":"https:\/\/www.barcogroup.eu\/product\/torfbriketts\/#primaryimage"},"image":{"@id":"https:\/\/www.barcogroup.eu\/product\/torfbriketts\/#primaryimage"},"thumbnailUrl":"https:\/\/www.barcogroup.eu\/wp-content\/uploads\/2024\/09\/65b4a941-a52c-41f7-8aa7-f502c504de92.png","datePublished":"2024-09-17T11:16:45+00:00","dateModified":"2026-01-19T10:18:18+00:00","description":"Torfbriketts \u2013 \u00f6kologischer Brennstoff, Heizwert ca. 19\u202fMJ\/kg, Brenndauer bis zu 12\u202fh, geringe Emissionen und einfache Handhabung.","breadcrumb":{"@id":"https:\/\/www.barcogroup.eu\/product\/torfbriketts\/#breadcrumb"},"inLanguage":"pl-PL","potentialAction":[{"@type":"ReadAction","target":["https:\/\/www.barcogroup.eu\/product\/torfbriketts\/"]}]},{"@type":"ImageObject","inLanguage":"pl-PL","@id":"https:\/\/www.barcogroup.eu\/product\/torfbriketts\/#primaryimage","url":"https:\/\/www.barcogroup.eu\/wp-content\/uploads\/2024\/09\/65b4a941-a52c-41f7-8aa7-f502c504de92.png","contentUrl":"https:\/\/www.barcogroup.eu\/wp-content\/uploads\/2024\/09\/65b4a941-a52c-41f7-8aa7-f502c504de92.png","width":969,"height":1080},{"@type":"BreadcrumbList","@id":"https:\/\/www.barcogroup.eu\/product\/torfbriketts\/#breadcrumb","itemListElement":[{"@type":"ListItem","position":1,"name":"Home","item":"https:\/\/www.barcogroup.eu\/"},{"@type":"ListItem","position":2,"name":"Torfbriketts"}]},{"@type":"WebSite","@id":"https:\/\/www.barcogroup.eu\/#website","url":"https:\/\/www.barcogroup.eu\/","name":"Barco Group \u2013 Biomassehandel","description":"Holzpellets &amp; Briketts direkt vom Hersteller \u2013 nachhaltig, zertifiziert, zuverl\u00e4ssigcenta\u2705Brykiet torfowy","publisher":{"@id":"https:\/\/www.barcogroup.eu\/#organization"},"potentialAction":[{"@type":"SearchAction","target":{"@type":"EntryPoint","urlTemplate":"https:\/\/www.barcogroup.eu\/?s={search_term_string}"},"query-input":{"@type":"PropertyValueSpecification","valueRequired":true,"valueName":"search_term_string"}}],"inLanguage":"pl-PL"},{"@type":"Organization","@id":"https:\/\/www.barcogroup.eu\/#organization","name":"Barco Group \u2013 Biomassehandel","url":"https:\/\/www.barcogroup.eu\/","logo":{"@type":"ImageObject","inLanguage":"pl-PL","@id":"https:\/\/www.barcogroup.eu\/#\/schema\/logo\/image\/","url":"https:\/\/www.barcogroup.eu\/wp-content\/uploads\/2023\/02\/cropped-logobarco-znakgold.jpg","contentUrl":"https:\/\/www.barcogroup.eu\/wp-content\/uploads\/2023\/02\/cropped-logobarco-znakgold.jpg","width":977,"height":1030,"caption":"Barco Group \u2013 Biomassehandel"},"image":{"@id":"https:\/\/www.barcogroup.eu\/#\/schema\/logo\/image\/"}}]}},"_links":{"self":[{"href":"https:\/\/www.barcogroup.eu\/pl\/wp-json\/wp\/v2\/product\/2710","targetHints":{"allow":["GET"]}}],"collection":[{"href":"https:\/\/www.barcogroup.eu\/pl\/wp-json\/wp\/v2\/product"}],"about":[{"href":"https:\/\/www.barcogroup.eu\/pl\/wp-json\/wp\/v2\/types\/product"}],"replies":[{"embeddable":true,"href":"https:\/\/www.barcogroup.eu\/pl\/wp-json\/wp\/v2\/comments?post=2710"}],"wp:featuredmedia":[{"embeddable":true,"href":"https:\/\/www.barcogroup.eu\/pl\/wp-json\/wp\/v2\/media\/2791"}],"wp:attachment":[{"href":"https:\/\/www.barcogroup.eu\/pl\/wp-json\/wp\/v2\/media?parent=2710"}],"wp:term":[{"taxonomy":"product_brand","embeddable":true,"href":"https:\/\/www.barcogroup.eu\/pl\/wp-json\/wp\/v2\/product_brand?post=2710"},{"taxonomy":"product_cat","embeddable":true,"href":"https:\/\/www.barcogroup.eu\/pl\/wp-json\/wp\/v2\/product_cat?post=2710"},{"taxonomy":"product_tag","embeddable":true,"href":"https:\/\/www.barcogroup.eu\/pl\/wp-json\/wp\/v2\/product_tag?post=2710"}],"curies":[{"name":"wp","href":"https:\/\/api.w.org\/{rel}","templated":true}]}}