{"id":2715,"date":"2024-09-17T11:23:15","date_gmt":"2024-09-17T11:23:15","guid":{"rendered":"https:\/\/www.barcogroup.eu\/?post_type=product&#038;p=2715"},"modified":"2025-05-26T20:02:49","modified_gmt":"2025-05-26T20:02:49","slug":"torfbriketts-big-bag","status":"publish","type":"product","link":"https:\/\/www.barcogroup.eu\/pl\/product\/torfbriketts-big-bag\/","title":{"rendered":"Brykiety torfowe w workach Big Bag 1000 kg"},"content":{"rendered":"<p data-start=\"203\" data-end=\"447\"><strong data-start=\"203\" data-end=\"219\">Brykiety torfowe<\/strong> s\u0105 ekologicznym paliwem 100 % - idealn\u0105 alternatyw\u0105 dla w\u0119gla czy drewna. Nie zawieraj\u0105 \u017cadnych szkodliwych substancji chemicznych. Podczas spalania nie powoduj\u0105 korozji kot\u0142\u00f3w ani osad\u00f3w w kominach.<\/p>\n<p data-start=\"449\" data-end=\"625\">Dodatkowa zaleta tego paliwa: gdy przep\u0142yw powietrza jest otwarty, brykiet spala si\u0119 jednym p\u0142omieniem; gdy przep\u0142yw powietrza jest zamkni\u0119ty, \u017carzy si\u0119 przez bardzo d\u0142ugi czas.<\/p>\n<h3 data-start=\"632\" data-end=\"662\"><strong data-start=\"636\" data-end=\"662\">Specyfikacja produktu<\/strong><\/h3>\n<ul data-start=\"664\" data-end=\"1046\">\n<li data-start=\"664\" data-end=\"694\">\n<p data-start=\"666\" data-end=\"694\">Ilo\u015b\u0107: Du\u017ca torba z 1000 kg<\/p>\n<\/li>\n<li data-start=\"695\" data-end=\"768\">\n<p data-start=\"697\" data-end=\"768\">Czas palenia: do 12 godzin - gwarantowane d\u0142ugotrwa\u0142e \u017ar\u00f3d\u0142o ciep\u0142a<\/p>\n<\/li>\n<li data-start=\"769\" data-end=\"854\">\n<p data-start=\"771\" data-end=\"854\">Warto\u015b\u0107 opa\u0142owa: ok. 19 MJ\/kg - ok. 85 % warto\u015bci opa\u0142owej w\u0119gla, wysoka wydajno\u015b\u0107 energetyczna<\/p>\n<\/li>\n<li data-start=\"855\" data-end=\"942\">\n<p data-start=\"857\" data-end=\"942\">Wilgotno\u015b\u0107: 12 % - umo\u017cliwia wydajne spalanie bez nadmiernego dymienia<\/p>\n<\/li>\n<li data-start=\"943\" data-end=\"1022\">\n<p data-start=\"945\" data-end=\"1022\">Zawarto\u015b\u0107 popio\u0142u: 9 % - niska zawarto\u015b\u0107 popio\u0142u zmniejsza wysi\u0142ek zwi\u0105zany z czyszczeniem piekarnika<\/p>\n<\/li>\n<li data-start=\"1023\" data-end=\"1046\">\n<p data-start=\"1025\" data-end=\"1046\">Zawarto\u015b\u0107 siarki: 0,2 %<\/p>\n<\/li>\n<\/ul>\n<hr data-start=\"1048\" data-end=\"1051\" \/>\n<h3 data-start=\"1053\" data-end=\"1086\"><strong data-start=\"1057\" data-end=\"1086\">Zalety brykiet\u00f3w torfowych<\/strong><\/h3>\n<ul data-start=\"1088\" data-end=\"1547\">\n<li data-start=\"1088\" data-end=\"1195\">\n<p data-start=\"1090\" data-end=\"1195\"><strong data-start=\"1090\" data-end=\"1118\">Paliwo ekologiczne:<\/strong> Naturalny i zr\u00f3wnowa\u017cony materia\u0142 grzewczy - przyjazny dla \u015brodowiska i wydajny<\/p>\n<\/li>\n<li data-start=\"1196\" data-end=\"1338\">\n<p data-start=\"1198\" data-end=\"1338\"><strong data-start=\"1198\" data-end=\"1223\">Wysoka wydajno\u015b\u0107 energetyczna:<\/strong> Dzi\u0119ki wysokiej g\u0119sto\u015bci energetycznej, brykiety torfowe zapewniaj\u0105 r\u00f3wnomierne ciep\u0142o przez wiele godzin, co zmniejsza zu\u017cycie energii.<\/p>\n<\/li>\n<li data-start=\"1339\" data-end=\"1443\">\n<p data-start=\"1341\" data-end=\"1443\"><strong data-start=\"1341\" data-end=\"1365\">Czyste spalanie:<\/strong> Niski poziom emisji - lepsza jako\u015b\u0107 powietrza i mniej osad\u00f3w w kominie<\/p>\n<\/li>\n<\/ul>\n<p>&nbsp;<\/p>","protected":false},"excerpt":{"rendered":"<ul>\n<li data-start=\"664\" data-end=\"694\">\n<p data-start=\"666\" data-end=\"694\">Ilo\u015b\u0107: Du\u017ca torba z 1000 kg<\/p>\n<\/li>\n<li data-start=\"695\" data-end=\"768\">\n<p data-start=\"697\" data-end=\"768\">Czas palenia: do 12 godzin - gwarantowane d\u0142ugotrwa\u0142e \u017ar\u00f3d\u0142o ciep\u0142a<\/p>\n<\/li>\n<li data-start=\"769\" data-end=\"854\">\n<p data-start=\"771\" data-end=\"854\">Warto\u015b\u0107 opa\u0142owa: ok. 19 MJ\/kg - ok. 85 % warto\u015bci opa\u0142owej w\u0119gla, wysoka wydajno\u015b\u0107 energetyczna<\/p>\n<\/li>\n<li data-start=\"855\" data-end=\"942\">\n<p data-start=\"857\" data-end=\"942\">Wilgotno\u015b\u0107: 12 % - umo\u017cliwia wydajne spalanie bez nadmiernego dymienia<\/p>\n<\/li>\n<li data-start=\"943\" data-end=\"1022\">\n<p data-start=\"945\" data-end=\"1022\">Zawarto\u015b\u0107 popio\u0142u: 9 % - niska zawarto\u015b\u0107 popio\u0142u zmniejsza wysi\u0142ek zwi\u0105zany z czyszczeniem piekarnika<\/p>\n<\/li>\n<li data-start=\"1023\" data-end=\"1046\">\n<p data-start=\"1025\" data-end=\"1046\">Zawarto\u015b\u0107 siarki: 0,2 %<\/p>\n<\/li>\n<\/ul>","protected":false},"featured_media":2717,"comment_status":"open","ping_status":"closed","template":"","meta":[],"product_brand":[],"product_cat":[25],"product_tag":[37],"class_list":{"0":"post-2715","1":"product","2":"type-product","3":"status-publish","4":"has-post-thumbnail","6":"product_cat-brykiet","7":"product_tag-brykiet-torfowy","9":"first","10":"instock","11":"taxable","12":"shipping-taxable","13":"product-type-simple"},"yoast_head":"<!-- This site is optimized with the Yoast SEO Premium plugin v19.6 (Yoast SEO v25.1) - https:\/\/yoast.com\/wordpress\/plugins\/seo\/ -->\n<title>Torfbriketts im Big Bag 1000 kg - Barco Group \u2013 Biomassehandel<\/title>\n<meta name=\"description\" content=\"Torfbriketts 1000\u202fkg im Big Bag \u2013 \u00f6kologischer Brennstoff, Heizwert ca. 19\u202fMJ\/kg, Brenndauer bis zu 12\u202fh, geringer Schwefel- und Aschegehalt. Saubere und langanhaltende W\u00e4rme.\" \/>\n<meta name=\"robots\" content=\"noindex, follow, max-snippet:-1, max-image-preview:large, max-video-preview:-1\" \/>\n<meta property=\"og:locale\" content=\"pl_PL\" \/>\n<meta property=\"og:type\" content=\"article\" \/>\n<meta property=\"og:title\" content=\"Torfbriketts im Big Bag 1000 kg\" \/>\n<meta property=\"og:description\" content=\"Torfbriketts 1000\u202fkg im Big Bag \u2013 \u00f6kologischer Brennstoff, Heizwert ca. 19\u202fMJ\/kg, Brenndauer bis zu 12\u202fh, geringer Schwefel- und Aschegehalt. Saubere und langanhaltende W\u00e4rme.\" \/>\n<meta property=\"og:url\" content=\"https:\/\/www.barcogroup.eu\/pl\/product\/torfbriketts-big-bag\/\" \/>\n<meta property=\"og:site_name\" content=\"Barco Group \u2013 Biomassehandel\" \/>\n<meta property=\"article:modified_time\" content=\"2025-05-26T20:02:49+00:00\" \/>\n<meta property=\"og:image\" content=\"http:\/\/www.barcogroup.eu\/wp-content\/uploads\/2024\/09\/7aff8139-0c06-4495-848f-269f46d8a0e3.png\" \/>\n\t<meta property=\"og:image:width\" content=\"571\" \/>\n\t<meta property=\"og:image:height\" content=\"1080\" \/>\n\t<meta property=\"og:image:type\" content=\"image\/png\" \/>\n<meta name=\"twitter:card\" content=\"summary_large_image\" \/>\n<meta name=\"twitter:label1\" content=\"Szacowany czas czytania\" \/>\n\t<meta name=\"twitter:data1\" content=\"2 minuty\" \/>\n<script type=\"application\/ld+json\" class=\"yoast-schema-graph\">{\"@context\":\"https:\/\/schema.org\",\"@graph\":[{\"@type\":\"WebPage\",\"@id\":\"https:\/\/www.barcogroup.eu\/product\/torfbriketts-big-bag\/\",\"url\":\"https:\/\/www.barcogroup.eu\/product\/torfbriketts-big-bag\/\",\"name\":\"Torfbriketts im Big Bag 1000 kg - Barco Group \u2013 Biomassehandel\",\"isPartOf\":{\"@id\":\"https:\/\/www.barcogroup.eu\/#website\"},\"primaryImageOfPage\":{\"@id\":\"https:\/\/www.barcogroup.eu\/product\/torfbriketts-big-bag\/#primaryimage\"},\"image\":{\"@id\":\"https:\/\/www.barcogroup.eu\/product\/torfbriketts-big-bag\/#primaryimage\"},\"thumbnailUrl\":\"https:\/\/www.barcogroup.eu\/wp-content\/uploads\/2024\/09\/7aff8139-0c06-4495-848f-269f46d8a0e3.png\",\"datePublished\":\"2024-09-17T11:23:15+00:00\",\"dateModified\":\"2025-05-26T20:02:49+00:00\",\"description\":\"Torfbriketts 1000\u202fkg im Big Bag \u2013 \u00f6kologischer Brennstoff, Heizwert ca. 19\u202fMJ\/kg, Brenndauer bis zu 12\u202fh, geringer Schwefel- und Aschegehalt. Saubere und langanhaltende W\u00e4rme.\",\"breadcrumb\":{\"@id\":\"https:\/\/www.barcogroup.eu\/product\/torfbriketts-big-bag\/#breadcrumb\"},\"inLanguage\":\"pl-PL\",\"potentialAction\":[{\"@type\":\"ReadAction\",\"target\":[\"https:\/\/www.barcogroup.eu\/product\/torfbriketts-big-bag\/\"]}]},{\"@type\":\"ImageObject\",\"inLanguage\":\"pl-PL\",\"@id\":\"https:\/\/www.barcogroup.eu\/product\/torfbriketts-big-bag\/#primaryimage\",\"url\":\"https:\/\/www.barcogroup.eu\/wp-content\/uploads\/2024\/09\/7aff8139-0c06-4495-848f-269f46d8a0e3.png\",\"contentUrl\":\"https:\/\/www.barcogroup.eu\/wp-content\/uploads\/2024\/09\/7aff8139-0c06-4495-848f-269f46d8a0e3.png\",\"width\":571,\"height\":1080},{\"@type\":\"BreadcrumbList\",\"@id\":\"https:\/\/www.barcogroup.eu\/product\/torfbriketts-big-bag\/#breadcrumb\",\"itemListElement\":[{\"@type\":\"ListItem\",\"position\":1,\"name\":\"Home\",\"item\":\"https:\/\/www.barcogroup.eu\/\"},{\"@type\":\"ListItem\",\"position\":2,\"name\":\"Torfbriketts im Big Bag 1000 kg\"}]},{\"@type\":\"WebSite\",\"@id\":\"https:\/\/www.barcogroup.eu\/#website\",\"url\":\"https:\/\/www.barcogroup.eu\/\",\"name\":\"Barco Group \u2013 Biomassehandel\",\"description\":\"Holzpellets &amp; Briketts direkt vom Hersteller \u2013 nachhaltig, zertifiziert, zuverl\u00e4ssigcenta\u2705Brykiet torfowy\",\"publisher\":{\"@id\":\"https:\/\/www.barcogroup.eu\/#organization\"},\"potentialAction\":[{\"@type\":\"SearchAction\",\"target\":{\"@type\":\"EntryPoint\",\"urlTemplate\":\"https:\/\/www.barcogroup.eu\/?s={search_term_string}\"},\"query-input\":{\"@type\":\"PropertyValueSpecification\",\"valueRequired\":true,\"valueName\":\"search_term_string\"}}],\"inLanguage\":\"pl-PL\"},{\"@type\":\"Organization\",\"@id\":\"https:\/\/www.barcogroup.eu\/#organization\",\"name\":\"Barco Group \u2013 Biomassehandel\",\"url\":\"https:\/\/www.barcogroup.eu\/\",\"logo\":{\"@type\":\"ImageObject\",\"inLanguage\":\"pl-PL\",\"@id\":\"https:\/\/www.barcogroup.eu\/#\/schema\/logo\/image\/\",\"url\":\"https:\/\/www.barcogroup.eu\/wp-content\/uploads\/2023\/02\/cropped-logobarco-znakgold.jpg\",\"contentUrl\":\"https:\/\/www.barcogroup.eu\/wp-content\/uploads\/2023\/02\/cropped-logobarco-znakgold.jpg\",\"width\":977,\"height\":1030,\"caption\":\"Barco Group \u2013 Biomassehandel\"},\"image\":{\"@id\":\"https:\/\/www.barcogroup.eu\/#\/schema\/logo\/image\/\"}}]}<\/script>\n<!-- \/ Yoast SEO Premium plugin. -->","yoast_head_json":{"title":"Torfbriketts im Big Bag 1000 kg - Barco Group \u2013 Biomassehandel","description":"Torfbriketts 1000\u202fkg im Big Bag \u2013 \u00f6kologischer Brennstoff, Heizwert ca. 19\u202fMJ\/kg, Brenndauer bis zu 12\u202fh, geringer Schwefel- und Aschegehalt. Saubere und langanhaltende W\u00e4rme.","robots":{"index":"noindex","follow":"follow","max-snippet":"max-snippet:-1","max-image-preview":"max-image-preview:large","max-video-preview":"max-video-preview:-1"},"og_locale":"pl_PL","og_type":"article","og_title":"Torfbriketts im Big Bag 1000 kg","og_description":"Torfbriketts 1000\u202fkg im Big Bag \u2013 \u00f6kologischer Brennstoff, Heizwert ca. 19\u202fMJ\/kg, Brenndauer bis zu 12\u202fh, geringer Schwefel- und Aschegehalt. Saubere und langanhaltende W\u00e4rme.","og_url":"https:\/\/www.barcogroup.eu\/pl\/product\/torfbriketts-big-bag\/","og_site_name":"Barco Group \u2013 Biomassehandel","article_modified_time":"2025-05-26T20:02:49+00:00","og_image":[{"width":571,"height":1080,"url":"http:\/\/www.barcogroup.eu\/wp-content\/uploads\/2024\/09\/7aff8139-0c06-4495-848f-269f46d8a0e3.png","type":"image\/png"}],"twitter_card":"summary_large_image","twitter_misc":{"Szacowany czas czytania":"2 minuty"},"schema":{"@context":"https:\/\/schema.org","@graph":[{"@type":"WebPage","@id":"https:\/\/www.barcogroup.eu\/product\/torfbriketts-big-bag\/","url":"https:\/\/www.barcogroup.eu\/product\/torfbriketts-big-bag\/","name":"Torfbriketts im Big Bag 1000 kg - Barco Group \u2013 Biomassehandel","isPartOf":{"@id":"https:\/\/www.barcogroup.eu\/#website"},"primaryImageOfPage":{"@id":"https:\/\/www.barcogroup.eu\/product\/torfbriketts-big-bag\/#primaryimage"},"image":{"@id":"https:\/\/www.barcogroup.eu\/product\/torfbriketts-big-bag\/#primaryimage"},"thumbnailUrl":"https:\/\/www.barcogroup.eu\/wp-content\/uploads\/2024\/09\/7aff8139-0c06-4495-848f-269f46d8a0e3.png","datePublished":"2024-09-17T11:23:15+00:00","dateModified":"2025-05-26T20:02:49+00:00","description":"Torfbriketts 1000\u202fkg im Big Bag \u2013 \u00f6kologischer Brennstoff, Heizwert ca. 19\u202fMJ\/kg, Brenndauer bis zu 12\u202fh, geringer Schwefel- und Aschegehalt. Saubere und langanhaltende W\u00e4rme.","breadcrumb":{"@id":"https:\/\/www.barcogroup.eu\/product\/torfbriketts-big-bag\/#breadcrumb"},"inLanguage":"pl-PL","potentialAction":[{"@type":"ReadAction","target":["https:\/\/www.barcogroup.eu\/product\/torfbriketts-big-bag\/"]}]},{"@type":"ImageObject","inLanguage":"pl-PL","@id":"https:\/\/www.barcogroup.eu\/product\/torfbriketts-big-bag\/#primaryimage","url":"https:\/\/www.barcogroup.eu\/wp-content\/uploads\/2024\/09\/7aff8139-0c06-4495-848f-269f46d8a0e3.png","contentUrl":"https:\/\/www.barcogroup.eu\/wp-content\/uploads\/2024\/09\/7aff8139-0c06-4495-848f-269f46d8a0e3.png","width":571,"height":1080},{"@type":"BreadcrumbList","@id":"https:\/\/www.barcogroup.eu\/product\/torfbriketts-big-bag\/#breadcrumb","itemListElement":[{"@type":"ListItem","position":1,"name":"Home","item":"https:\/\/www.barcogroup.eu\/"},{"@type":"ListItem","position":2,"name":"Torfbriketts im Big Bag 1000 kg"}]},{"@type":"WebSite","@id":"https:\/\/www.barcogroup.eu\/#website","url":"https:\/\/www.barcogroup.eu\/","name":"Barco Group \u2013 Biomassehandel","description":"Holzpellets &amp; Briketts direkt vom Hersteller \u2013 nachhaltig, zertifiziert, zuverl\u00e4ssigcenta\u2705Brykiet torfowy","publisher":{"@id":"https:\/\/www.barcogroup.eu\/#organization"},"potentialAction":[{"@type":"SearchAction","target":{"@type":"EntryPoint","urlTemplate":"https:\/\/www.barcogroup.eu\/?s={search_term_string}"},"query-input":{"@type":"PropertyValueSpecification","valueRequired":true,"valueName":"search_term_string"}}],"inLanguage":"pl-PL"},{"@type":"Organization","@id":"https:\/\/www.barcogroup.eu\/#organization","name":"Barco Group \u2013 Biomassehandel","url":"https:\/\/www.barcogroup.eu\/","logo":{"@type":"ImageObject","inLanguage":"pl-PL","@id":"https:\/\/www.barcogroup.eu\/#\/schema\/logo\/image\/","url":"https:\/\/www.barcogroup.eu\/wp-content\/uploads\/2023\/02\/cropped-logobarco-znakgold.jpg","contentUrl":"https:\/\/www.barcogroup.eu\/wp-content\/uploads\/2023\/02\/cropped-logobarco-znakgold.jpg","width":977,"height":1030,"caption":"Barco Group \u2013 Biomassehandel"},"image":{"@id":"https:\/\/www.barcogroup.eu\/#\/schema\/logo\/image\/"}}]}},"_links":{"self":[{"href":"https:\/\/www.barcogroup.eu\/pl\/wp-json\/wp\/v2\/product\/2715","targetHints":{"allow":["GET"]}}],"collection":[{"href":"https:\/\/www.barcogroup.eu\/pl\/wp-json\/wp\/v2\/product"}],"about":[{"href":"https:\/\/www.barcogroup.eu\/pl\/wp-json\/wp\/v2\/types\/product"}],"replies":[{"embeddable":true,"href":"https:\/\/www.barcogroup.eu\/pl\/wp-json\/wp\/v2\/comments?post=2715"}],"wp:featuredmedia":[{"embeddable":true,"href":"https:\/\/www.barcogroup.eu\/pl\/wp-json\/wp\/v2\/media\/2717"}],"wp:attachment":[{"href":"https:\/\/www.barcogroup.eu\/pl\/wp-json\/wp\/v2\/media?parent=2715"}],"wp:term":[{"taxonomy":"product_brand","embeddable":true,"href":"https:\/\/www.barcogroup.eu\/pl\/wp-json\/wp\/v2\/product_brand?post=2715"},{"taxonomy":"product_cat","embeddable":true,"href":"https:\/\/www.barcogroup.eu\/pl\/wp-json\/wp\/v2\/product_cat?post=2715"},{"taxonomy":"product_tag","embeddable":true,"href":"https:\/\/www.barcogroup.eu\/pl\/wp-json\/wp\/v2\/product_tag?post=2715"}],"curies":[{"name":"wp","href":"https:\/\/api.w.org\/{rel}","templated":true}]}}